{"id":1223,"date":"2022-02-02T16:35:44","date_gmt":"2022-02-02T15:35:44","guid":{"rendered":"https:\/\/www.camping-les-chataigniers.com\/?page_id=1223"},"modified":"2022-02-02T16:35:44","modified_gmt":"2022-02-02T15:35:44","slug":"situatie","status":"publish","type":"page","link":"https:\/\/www.camping-les-chataigniers.com\/nl\/situatie\/","title":{"rendered":"Situatie"},"content":{"rendered":"<div class=\"wpb-content-wrapper\"><p>[vc_row css=&#8221;.vc_custom_1428394761043{margin-top: 0px !important;margin-right: 0px !important;margin-bottom: 0px !important;margin-left: 0px !important;padding-top: 30px !important;padding-right: 0px !important;padding-bottom: 30px !important;padding-left: 0px !important;}&#8221;][vc_column width=&#8221;1\/2&#8243;][vc_column_text]<\/p>\n<h2>Om ons te vinden<\/h2>\n<p>&nbsp;<\/p>\n<p>De camping <strong>Les Ch\u00e2taigniers<\/strong> ligt in een klein typisch Pyrenee\u00ebndorp in Arcizans-Avant, op 2,5 km van <strong>Argeles-Gazost<\/strong> in het centrum van de <strong>Hautes-Pyr\u00e9n\u00e9es<\/strong> (regio Midi-Pyr\u00e9n\u00e9es), vlakbij het Nationaal Park van de Pyrenee\u00ebn.<\/p>\n<p><strong>GPS-co\u00f6rdinaten<\/strong>: breedtegraad: 42.985604 \u2013 lengtegraad: -0,105821[\/vc_column_text][vc_row_inner][vc_column_inner width=&#8221;1\/2&#8243;][vc_single_image image=&#8221;181&#8243; img_size=&#8221;medium&#8221; alignment=&#8221;center&#8221;][\/vc_column_inner][vc_column_inner width=&#8221;1\/2&#8243;][vc_single_image image=&#8221;177&#8243; img_size=&#8221;medium&#8221; alignment=&#8221;center&#8221;][\/vc_column_inner][\/vc_row_inner][\/vc_column][vc_column width=&#8221;1\/2&#8243;][vc_column_text]<iframe loading=\"lazy\" style=\"border: 0;\" src=\"https:\/\/www.google.com\/maps\/embed?pb=!1m14!1m8!1m3!1d11674.709011224852!2d-0.1050612!3d42.9850719!3m2!1i1024!2i768!4f13.1!3m3!1m2!1s0x0%3A0x156ff5385249d8a7!2sCamping%20Les%20Ch%C3%A2taigniers*2A*2A*2A!5e0!3m2!1sfr!2sfr!4v1578394480283!5m2!1sfr!2sfr\" width=\"500\" height=\"500\" frameborder=\"0\" allowfullscreen=\"allowfullscreen\"><\/iframe>[\/vc_column_text][\/vc_column][\/vc_row]<\/p>\n<\/div>","protected":false},"excerpt":{"rendered":"<p>[vc_row css=&#8221;.vc_custom_1428394761043{margin-top: 0px !important;margin-right: 0px !important;margin-bottom: 0px !important;margin-left: 0px !important;padding-top: 30px !important;padding-right: 0px !important;padding-bottom: 30px !important;padding-left: 0px !important;}&#8221;][vc_column width=&#8221;1\/2&#8243;][vc_column_text] Om ons te vinden &nbsp; De camping Les Ch\u00e2taigniers ligt in een klein typisch Pyrenee\u00ebndorp in Arcizans-Avant, op 2,5 km van Argeles-Gazost in het centrum van de Hautes-Pyr\u00e9n\u00e9es (regio Midi-Pyr\u00e9n\u00e9es), vlakbij het Nationaal Park van de\u2026<\/p>\n","protected":false},"author":1,"featured_media":0,"parent":0,"menu_order":0,"comment_status":"closed","ping_status":"open","template":"","meta":{"footnotes":""},"class_list":["post-1223","page","type-page","status-publish","hentry"],"aioseo_notices":[],"_links":{"self":[{"href":"https:\/\/www.camping-les-chataigniers.com\/nl\/wp-json\/wp\/v2\/pages\/1223","targetHints":{"allow":["GET"]}}],"collection":[{"href":"https:\/\/www.camping-les-chataigniers.com\/nl\/wp-json\/wp\/v2\/pages"}],"about":[{"href":"https:\/\/www.camping-les-chataigniers.com\/nl\/wp-json\/wp\/v2\/types\/page"}],"author":[{"embeddable":true,"href":"https:\/\/www.camping-les-chataigniers.com\/nl\/wp-json\/wp\/v2\/users\/1"}],"replies":[{"embeddable":true,"href":"https:\/\/www.camping-les-chataigniers.com\/nl\/wp-json\/wp\/v2\/comments?post=1223"}],"version-history":[{"count":1,"href":"https:\/\/www.camping-les-chataigniers.com\/nl\/wp-json\/wp\/v2\/pages\/1223\/revisions"}],"predecessor-version":[{"id":1224,"href":"https:\/\/www.camping-les-chataigniers.com\/nl\/wp-json\/wp\/v2\/pages\/1223\/revisions\/1224"}],"wp:attachment":[{"href":"https:\/\/www.camping-les-chataigniers.com\/nl\/wp-json\/wp\/v2\/media?parent=1223"}],"curies":[{"name":"wp","href":"https:\/\/api.w.org\/{rel}","templated":true}]}}