{"id":1216,"date":"2022-02-02T16:20:46","date_gmt":"2022-02-02T15:20:46","guid":{"rendered":"https:\/\/www.camping-les-chataigniers.com\/?page_id=1216"},"modified":"2022-02-02T17:49:32","modified_gmt":"2022-02-02T16:49:32","slug":"contact-boeking","status":"publish","type":"page","link":"https:\/\/www.camping-les-chataigniers.com\/nl\/contact-boeking\/","title":{"rendered":"Contact Boeking"},"content":{"rendered":"<div class=\"wpb-content-wrapper\"><p>[vc_row css=&#8221;.vc_custom_1427791878257{margin-bottom: 0px !important;padding-top: 30px !important;padding-bottom: 30px !important;}&#8221;][vc_column]\n<div class=\"wpcf7 no-js\" id=\"wpcf7-f1214-o1\" lang=\"fr-FR\" dir=\"ltr\" data-wpcf7-id=\"1214\">\n<div class=\"screen-reader-response\"><p role=\"status\" aria-live=\"polite\" aria-atomic=\"true\"><\/p> <ul><\/ul><\/div>\n<form action=\"\/nl\/wp-json\/wp\/v2\/pages\/1216#wpcf7-f1214-o1\" method=\"post\" class=\"wpcf7-form init\" aria-label=\"Formulaire de contact\" novalidate=\"novalidate\" data-status=\"init\">\n<fieldset class=\"hidden-fields-container\"><input type=\"hidden\" name=\"_wpcf7\" value=\"1214\" \/><input type=\"hidden\" name=\"_wpcf7_version\" value=\"6.1\" \/><input type=\"hidden\" name=\"_wpcf7_locale\" value=\"fr_FR\" \/><input type=\"hidden\" name=\"_wpcf7_unit_tag\" value=\"wpcf7-f1214-o1\" \/><input type=\"hidden\" name=\"_wpcf7_container_post\" value=\"0\" \/><input type=\"hidden\" name=\"_wpcf7_posted_data_hash\" value=\"\" \/>\n<\/fieldset>\n<div class=\"row form-contact\">\n\t<div class=\"col-md-6\">\n\t\t<p><label>Naam * :<\/label><span class=\"wpcf7-form-control-wrap\" data-name=\"nom\"><input size=\"40\" maxlength=\"400\" class=\"wpcf7-form-control wpcf7-text wpcf7-validates-as-required\" aria-required=\"true\" aria-invalid=\"false\" value=\"\" type=\"text\" name=\"nom\" \/><\/span>\n\t\t<\/p>\n\t\t<p><label>Vornaam* :<\/label><span class=\"wpcf7-form-control-wrap\" data-name=\"prenom\"><input size=\"40\" maxlength=\"400\" class=\"wpcf7-form-control wpcf7-text wpcf7-validates-as-required\" aria-required=\"true\" aria-invalid=\"false\" value=\"\" type=\"text\" name=\"prenom\" \/><\/span>\n\t\t<\/p>\n\t\t<p><label>Email * :<\/label><span class=\"wpcf7-form-control-wrap\" data-name=\"email\"><input size=\"40\" maxlength=\"400\" class=\"wpcf7-form-control wpcf7-email wpcf7-validates-as-required wpcf7-text wpcf7-validates-as-email\" aria-required=\"true\" aria-invalid=\"false\" value=\"\" type=\"email\" name=\"email\" \/><\/span>\n\t\t<\/p>\n\t\t<p><label>Adres * :<\/label><span class=\"wpcf7-form-control-wrap\" data-name=\"adresse\"><textarea cols=\"40\" rows=\"3\" maxlength=\"2000\" class=\"wpcf7-form-control wpcf7-textarea wpcf7-validates-as-required\" aria-required=\"true\" aria-invalid=\"false\" name=\"adresse\"><\/textarea><\/span>\n\t\t<\/p>\n\t\t<p><label>Postcode * :<\/label><span class=\"wpcf7-form-control-wrap\" data-name=\"codepostal\"><input size=\"40\" maxlength=\"400\" class=\"wpcf7-form-control wpcf7-text wpcf7-validates-as-required\" aria-required=\"true\" aria-invalid=\"false\" value=\"\" type=\"text\" name=\"codepostal\" \/><\/span>\n\t\t<\/p>\n\t\t<p><label>Stad * :<\/label><span class=\"wpcf7-form-control-wrap\" data-name=\"ville\"><input size=\"40\" maxlength=\"400\" class=\"wpcf7-form-control wpcf7-text wpcf7-validates-as-required\" aria-required=\"true\" aria-invalid=\"false\" value=\"\" type=\"text\" name=\"ville\" \/><\/span>\n\t\t<\/p>\n\t\t<p><label>Land * :<\/label><span class=\"wpcf7-form-control-wrap\" data-name=\"pays\"><input size=\"40\" maxlength=\"400\" class=\"wpcf7-form-control wpcf7-text wpcf7-validates-as-required\" aria-required=\"true\" aria-invalid=\"false\" value=\"\" type=\"text\" name=\"pays\" \/><\/span>\n\t\t<\/p>\n\t\t<p><label>Telefoon * :<\/label><span class=\"wpcf7-form-control-wrap\" data-name=\"telephone\"><input size=\"40\" maxlength=\"400\" class=\"wpcf7-form-control wpcf7-tel wpcf7-validates-as-required wpcf7-text wpcf7-validates-as-tel\" aria-required=\"true\" aria-invalid=\"false\" value=\"\" type=\"tel\" name=\"telephone\" \/><\/span>\n\t\t<\/p>\n\t\t<p><label>Fax :<\/label><span class=\"wpcf7-form-control-wrap\" data-name=\"fax\"><input size=\"40\" maxlength=\"400\" class=\"wpcf7-form-control wpcf7-text\" aria-invalid=\"false\" value=\"\" type=\"text\" name=\"fax\" \/><\/span>\n\t\t<\/p>\n\t<\/div>\n\t<div class=\"col-md-6\">\n\t\t<p><label>Aankomstdatum :<\/label><span class=\"wpcf7-form-control-wrap\" data-name=\"date-arrivee\"><input size=\"40\" maxlength=\"400\" class=\"wpcf7-form-control wpcf7-text\" aria-invalid=\"false\" placeholder=\"jj\/mm\/aaaa\" value=\"\" type=\"text\" name=\"date-arrivee\" \/><\/span>\n\t\t<\/p>\n\t\t<p><label>Vertrekdatum :<\/label><span class=\"wpcf7-form-control-wrap\" data-name=\"date-depart\"><input size=\"40\" maxlength=\"400\" class=\"wpcf7-form-control wpcf7-text\" aria-invalid=\"false\" placeholder=\"jj\/mm\/aaaa\" value=\"\" type=\"text\" name=\"date-depart\" \/><\/span>\n\t\t<\/p>\n\t\t<div class=\"info-empl\">\n\t\t\t<p><strong>Informatie locatie<\/strong>\n\t\t\t<\/p>\n\t\t\t<p><span>aantal plaasten<\/span> : Tentplaasten : <span class=\"wpcf7-form-control-wrap\" data-name=\"nb-tente\"><input size=\"3\" maxlength=\"400\" class=\"wpcf7-form-control wpcf7-text\" aria-invalid=\"false\" value=\"\" type=\"text\" name=\"nb-tente\" \/><\/span> Caravan : <span class=\"wpcf7-form-control-wrap\" data-name=\"nb-caravane\"><input size=\"3\" maxlength=\"400\" class=\"wpcf7-form-control wpcf7-text\" aria-invalid=\"false\" value=\"\" type=\"text\" name=\"nb-caravane\" \/><\/span>\n\t\t\t<\/p>\n\t\t\t<p><span>Elektriciteit<\/span> : 2 Amp : <span class=\"wpcf7-form-control-wrap\" data-name=\"elec-2amp\"><input size=\"3\" maxlength=\"400\" class=\"wpcf7-form-control wpcf7-text\" aria-invalid=\"false\" value=\"\" type=\"text\" name=\"elec-2amp\" \/><\/span> 6 Amp : <span class=\"wpcf7-form-control-wrap\" data-name=\"elec-6amp\"><input size=\"3\" maxlength=\"400\" class=\"wpcf7-form-control wpcf7-text\" aria-invalid=\"false\" value=\"\" type=\"text\" name=\"elec-6amp\" \/><\/span>\n\t\t\t<\/p>\n\t\t\t<p><span>Aantal personen<\/span> : Volwassenen(s) : <span class=\"wpcf7-form-control-wrap\" data-name=\"nb-adulte\"><input size=\"3\" maxlength=\"400\" class=\"wpcf7-form-control wpcf7-text\" aria-invalid=\"false\" value=\"\" type=\"text\" name=\"nb-adulte\" \/><\/span> Kind(s) - 7 jaar : <span class=\"wpcf7-form-control-wrap\" data-name=\"nb-enfants\"><input size=\"3\" maxlength=\"400\" class=\"wpcf7-form-control wpcf7-text\" aria-invalid=\"false\" value=\"\" type=\"text\" name=\"nb-enfants\" \/><\/span>\n\t\t\t<\/p>\n\t\t<\/div>\n\t\t<p><span class=\"wpcf7-form-control-wrap\" data-name=\"rens-chalet\"><span class=\"wpcf7-form-control wpcf7-checkbox\"><span class=\"wpcf7-list-item first last\"><label><span class=\"wpcf7-list-item-label\">Informatie chalet<\/span><input type=\"checkbox\" name=\"rens-chalet[]\" value=\"Informatie chalet\" \/><\/label><\/span><\/span><\/span>\n\t\t<\/p>\n\t\t<p><span class=\"wpcf7-form-control-wrap\" data-name=\"rens-mobilhome\"><span class=\"wpcf7-form-control wpcf7-checkbox\"><span class=\"wpcf7-list-item first last\"><label><span class=\"wpcf7-list-item-label\">Informatie Stacaravan<\/span><input type=\"checkbox\" name=\"rens-mobilhome[]\" value=\"Informatie Stacaravan\" \/><\/label><\/span><\/span><\/span>\n\t\t<\/p>\n\t\t<p class=\"observation\"><br \/>\n<label>Waarnemingen :<\/label><span class=\"wpcf7-form-control-wrap\" data-name=\"observation\"><textarea cols=\"40\" rows=\"10\" maxlength=\"2000\" class=\"wpcf7-form-control wpcf7-textarea\" aria-invalid=\"false\" name=\"observation\"><\/textarea><\/span>\n\t\t<\/p>\n\t<\/div>\n\t<div class=\"col-md-12 text-center\">\n\t\t<p><input class=\"wpcf7-form-control wpcf7-submit has-spinner\" type=\"submit\" value=\"Sturen\" \/>\n\t\t<\/p>\n\t<\/div>\n<\/div><div class=\"wpcf7-response-output\" aria-hidden=\"true\"><\/div>\n<\/form>\n<\/div>\n[vc_column_text css=&#8221;.vc_custom_1643820570183{padding-top: 30px !important;}&#8221;]<\/p>\n<p style=\"text-align: center;\"><strong><span style=\"font-size: 18px;\">Om te reserveren, gelieve te downloaden, af te drukken, in te vullen en<br \/>\nper post aan ons terug te bezorgen :<\/span><\/strong><\/p>\n<p style=\"text-align: center;\"><span style=\"font-size: 18px;\"><a title=\"T\u00e9l\u00e9charger le contrat de location\" href=\"\/wp-content\/uploads\/2022\/02\/Loc-Contract-NL.pdf\"><img loading=\"lazy\" decoding=\"async\" class=\"alignnone wp-image-284 size-full\" src=\"\/wp-content\/uploads\/2015\/06\/pdf.jpg\" alt=\"pdf\" width=\"36\" height=\"35\" \/>Lease contract<\/a><\/span><\/p>\n<p style=\"text-align: center;\"><span style=\"font-size: 18px;\"><a title=\"T\u00e9l\u00e9charger le r\u00e8glement int\u00e9rieur\" href=\"\/wp-content\/uploads\/2022\/02\/RI-NL.pdf\"><img loading=\"lazy\" decoding=\"async\" class=\"alignnone wp-image-284 size-full\" src=\"\/wp-content\/uploads\/2015\/06\/pdf.jpg\" alt=\"pdf\" width=\"36\" height=\"35\" \/>Het reglement van ordre<\/a><\/span><\/p>\n<p>[\/vc_column_text][\/vc_column][\/vc_row]<\/p>\n<\/div>","protected":false},"excerpt":{"rendered":"<p>[vc_row css=&#8221;.vc_custom_1427791878257{margin-bottom: 0px !important;padding-top: 30px !important;padding-bottom: 30px !important;}&#8221;][vc_column][vc_column_text css=&#8221;.vc_custom_1643820570183{padding-top: 30px !important;}&#8221;] Om te reserveren, gelieve te downloaden, af te drukken, in te vullen en per post aan ons terug te bezorgen : Lease contract Het reglement van ordre [\/vc_column_text][\/vc_column][\/vc_row]<\/p>\n","protected":false},"author":1,"featured_media":0,"parent":0,"menu_order":0,"comment_status":"closed","ping_status":"open","template":"","meta":{"footnotes":""},"class_list":["post-1216","page","type-page","status-publish","hentry"],"aioseo_notices":[],"_links":{"self":[{"href":"https:\/\/www.camping-les-chataigniers.com\/nl\/wp-json\/wp\/v2\/pages\/1216","targetHints":{"allow":["GET"]}}],"collection":[{"href":"https:\/\/www.camping-les-chataigniers.com\/nl\/wp-json\/wp\/v2\/pages"}],"about":[{"href":"https:\/\/www.camping-les-chataigniers.com\/nl\/wp-json\/wp\/v2\/types\/page"}],"author":[{"embeddable":true,"href":"https:\/\/www.camping-les-chataigniers.com\/nl\/wp-json\/wp\/v2\/users\/1"}],"replies":[{"embeddable":true,"href":"https:\/\/www.camping-les-chataigniers.com\/nl\/wp-json\/wp\/v2\/comments?post=1216"}],"version-history":[{"count":2,"href":"https:\/\/www.camping-les-chataigniers.com\/nl\/wp-json\/wp\/v2\/pages\/1216\/revisions"}],"predecessor-version":[{"id":1264,"href":"https:\/\/www.camping-les-chataigniers.com\/nl\/wp-json\/wp\/v2\/pages\/1216\/revisions\/1264"}],"wp:attachment":[{"href":"https:\/\/www.camping-les-chataigniers.com\/nl\/wp-json\/wp\/v2\/media?parent=1216"}],"curies":[{"name":"wp","href":"https:\/\/api.w.org\/{rel}","templated":true}]}}