{"id":1110,"date":"2021-01-27T19:36:39","date_gmt":"2021-01-27T18:36:39","guid":{"rendered":"https:\/\/www.camping-les-chataigniers.com\/?page_id=1110"},"modified":"2023-12-21T15:00:41","modified_gmt":"2023-12-21T14:00:41","slug":"tarifas-chalets","status":"publish","type":"page","link":"https:\/\/www.camping-les-chataigniers.com\/es\/tarifas-chalets\/","title":{"rendered":"Tarifas Chalets"},"content":{"rendered":"<div class=\"wpb-content-wrapper\"><p>[vc_row css=\u00bb.vc_custom_1427793708137{margin-bottom: 0px !important;padding-top: 30px !important;padding-bottom: 30px !important;}\u00bb][vc_column width=\u00bb2\/3&#8243;][vc_column_text]\n<table id=\"tablepress-14\" class=\"tablepress tablepress-id-14 tbody-has-connected-cells\">\n<thead>\n<tr class=\"row-1\">\n\t<th colspan=\"3\" class=\"column-1\">ALQUILER CHALETS - Tarifas 2026 (agua, gas y electricidad, TV incluido)<\/th>\n<\/tr>\n<\/thead>\n<tbody class=\"row-striping row-hover\">\n<tr class=\"row-2\">\n\t<td class=\"column-1\"><strong>PERIODOS<\/strong><\/td><td colspan=\"2\" class=\"column-2\"><strong>TARIFAS\/SEMAANAS en euros<\/strong><\/td>\n<\/tr>\n<tr class=\"row-3\">\n\t<td class=\"column-1\"><\/td><td class=\"column-2\">Chalet 5pl<br \/>28m2<\/td><td class=\"column-3\">Chalet LUXE 6 pl<br \/>38m2<\/td>\n<\/tr>\n<tr class=\"row-4\">\n\t<td class=\"column-1\">30\/05 - 05\/07<\/td><td class=\"column-2\">330.00\u20ac<\/td><td class=\"column-3\">390.00\u20ac<\/td>\n<\/tr>\n<tr class=\"row-5\">\n\t<td class=\"column-1\">05\/07 - 12\/07<\/td><td class=\"column-2\">540.00\u20ac<\/td><td class=\"column-3\">600.00\u20ac<\/td>\n<\/tr>\n<tr class=\"row-6\">\n\t<td class=\"column-1\">12\/07 - 23\/08<\/td><td class=\"column-2\">750.00\u20ac<\/td><td class=\"column-3\">890.00\u20ac<\/td>\n<\/tr>\n<tr class=\"row-7\">\n\t<td class=\"column-1\">23\/08 - 30\/08<\/td><td class=\"column-2\">540.00\u20ac<\/td><td class=\"column-3\">600.00\u20ac<\/td>\n<\/tr>\n<tr class=\"row-8\">\n\t<td class=\"column-1\">30\/08 - 06\/09<\/td><td class=\"column-2\">330.00\u20ac<\/td><td class=\"column-3\">390.00\u20ac<\/td>\n<\/tr>\n<tr class=\"row-9\">\n\t<td class=\"column-1\">Wifi<\/td><td class=\"column-2\">Gratis<\/td><td class=\"column-3\">Gratis<\/td>\n<\/tr>\n<\/tbody>\n<\/table>\n<!-- #tablepress-14 from cache -->[\/vc_column_text][\/vc_column][vc_column width=\u00bb1\/3&#8243;][vc_row_inner][vc_column_inner width=\u00bb1\/2&#8243;][vc_single_image image=\u00bb94&#8243; img_size=\u00bbfull\u00bb alignment=\u00bbcenter\u00bb][\/vc_column_inner][vc_column_inner width=\u00bb1\/2&#8243;][vc_single_image image=\u00bb93&#8243; img_size=\u00bbfull\u00bb alignment=\u00bbcenter\u00bb][\/vc_column_inner][\/vc_row_inner][vc_column_text]<\/p>\n<ul>\n<li>Duchas calientes incluidas en el precio<\/li>\n<li>Agua caliente en los lavabos<\/li>\n<li>Aseos para discapacitados<\/li>\n<li>Ba\u00f1o para beb\u00e9s y ni\u00f1os<\/li>\n<li>Instalaciones sanitarias nuevas, amplias y limpias.<\/li>\n<li>Piscina estrictamente reservada para los clientes del camping Acceso gratuito a instalaciones sanitarias Acceso gratuito a documentaci\u00f3n, plancha y<\/li>\n<li>tabla de planchar, sala de TV Servicios de pago: lavadora, secadora<\/li>\n<\/ul>\n<p><strong>Tasa de estancia<\/strong> de 0,86\u00a0\u20ac \/ d\u00eda \/ persona mayor de 18 a\u00f1os<\/p>\n<p><strong>Sin gastos de administraci\u00f3n, sin gastos de gesti\u00f3n<\/strong><\/p>\n<p><strong>M\u00e9todos de pago aceptados:<\/strong> efectivo, giros postales, cheques, vales de vacaciones (Francia), transferencias bancarias<\/p>\n<p><strong>* Consumo de calefacci\u00f3n adicional<\/strong>[\/vc_column_text][\/vc_column][\/vc_row][vc_row][vc_column width=\u00bb1\/4&#8243;][vc_column_text]<br \/>\n[\/vc_column_text][\/vc_column][vc_column width=\u00bb1\/4&#8243;][vc_button2 title=\u00bbVER TARIFAS DE LOS BUNGALOW\u00bb align=\u00bbright\u00bb style=\u00bbround\u00bb color=\u00bbgreen\u00bb el_class=\u00bbbouton\u00bb link=\u00bburl:http%3A%2F%2Fwww.camping-les-chataigniers.com%2Fes%2Ftarifas-mobil-home%2F|title:Tarifs%20Mobil-homes%20Bambi%204%2F5%20places%20-%20Camping%20Les%20Ch%C3%A2taigniers||\u00bb][\/vc_column][vc_column width=\u00bb1\/4&#8243;][vc_button2 title=\u00bbVER TARIFAS DEL CAMPING\u00bb align=\u00bbleft\u00bb style=\u00bbround\u00bb color=\u00bbgreen\u00bb el_class=\u00bbbouton\u00bb link=\u00bburl:http%3A%2F%2Fwww.camping-les-chataigniers.com%2Fes%2Ftarifas%2F|title:Tarifs%20chalets%205%20places%20-%20Camping%20Les%20Ch%C3%A2taigniers||\u00bb][\/vc_column][vc_column width=\u00bb1\/4&#8243;][vc_column_text]<br \/>\n[\/vc_column_text][\/vc_column][\/vc_row]<\/p>\n<\/div>","protected":false},"excerpt":{"rendered":"<p>[vc_row css=\u00bb.vc_custom_1427793708137{margin-bottom: 0px !important;padding-top: 30px !important;padding-bottom: 30px !important;}\u00bb][vc_column width=\u00bb2\/3&#8243;][vc_column_text][\/vc_column_text][\/vc_column][vc_column width=\u00bb1\/3&#8243;][vc_row_inner][vc_column_inner width=\u00bb1\/2&#8243;][vc_single_image image=\u00bb94&#8243; img_size=\u00bbfull\u00bb alignment=\u00bbcenter\u00bb][\/vc_column_inner][vc_column_inner width=\u00bb1\/2&#8243;][vc_single_image image=\u00bb93&#8243; img_size=\u00bbfull\u00bb alignment=\u00bbcenter\u00bb][\/vc_column_inner][\/vc_row_inner][vc_column_text] Duchas calientes incluidas en el precio Agua caliente en los lavabos Aseos para discapacitados Ba\u00f1o para beb\u00e9s y ni\u00f1os Instalaciones sanitarias nuevas, amplias y limpias. Piscina estrictamente reservada para los clientes del camping Acceso gratuito a instalaciones\u2026<\/p>\n","protected":false},"author":1,"featured_media":0,"parent":0,"menu_order":0,"comment_status":"closed","ping_status":"open","template":"","meta":{"footnotes":""},"class_list":["post-1110","page","type-page","status-publish","hentry"],"aioseo_notices":[],"_links":{"self":[{"href":"https:\/\/www.camping-les-chataigniers.com\/es\/wp-json\/wp\/v2\/pages\/1110","targetHints":{"allow":["GET"]}}],"collection":[{"href":"https:\/\/www.camping-les-chataigniers.com\/es\/wp-json\/wp\/v2\/pages"}],"about":[{"href":"https:\/\/www.camping-les-chataigniers.com\/es\/wp-json\/wp\/v2\/types\/page"}],"author":[{"embeddable":true,"href":"https:\/\/www.camping-les-chataigniers.com\/es\/wp-json\/wp\/v2\/users\/1"}],"replies":[{"embeddable":true,"href":"https:\/\/www.camping-les-chataigniers.com\/es\/wp-json\/wp\/v2\/comments?post=1110"}],"version-history":[{"count":9,"href":"https:\/\/www.camping-les-chataigniers.com\/es\/wp-json\/wp\/v2\/pages\/1110\/revisions"}],"predecessor-version":[{"id":1476,"href":"https:\/\/www.camping-les-chataigniers.com\/es\/wp-json\/wp\/v2\/pages\/1110\/revisions\/1476"}],"wp:attachment":[{"href":"https:\/\/www.camping-les-chataigniers.com\/es\/wp-json\/wp\/v2\/media?parent=1110"}],"curies":[{"name":"wp","href":"https:\/\/api.w.org\/{rel}","templated":true}]}}