{"id":1069,"date":"2021-01-19T11:34:40","date_gmt":"2021-01-19T10:34:40","guid":{"rendered":"https:\/\/www.camping-les-chataigniers.com\/?page_id=1069"},"modified":"2022-02-01T10:08:35","modified_gmt":"2022-02-01T09:08:35","slug":"contacto-y-reserva","status":"publish","type":"page","link":"https:\/\/www.camping-les-chataigniers.com\/es\/contacto-y-reserva\/","title":{"rendered":"Contacto y Reserva"},"content":{"rendered":"<div class=\"wpb-content-wrapper\"><p>[vc_row css=\u00bb.vc_custom_1427791878257{margin-bottom: 0px !important;padding-top: 30px !important;padding-bottom: 30px !important;}\u00bb][vc_column]\n<div class=\"wpcf7 no-js\" id=\"wpcf7-f1068-o1\" lang=\"fr-FR\" dir=\"ltr\" data-wpcf7-id=\"1068\">\n<div class=\"screen-reader-response\"><p role=\"status\" aria-live=\"polite\" aria-atomic=\"true\"><\/p> <ul><\/ul><\/div>\n<form action=\"\/es\/wp-json\/wp\/v2\/pages\/1069#wpcf7-f1068-o1\" method=\"post\" class=\"wpcf7-form init\" aria-label=\"Formulaire de contact\" novalidate=\"novalidate\" data-status=\"init\">\n<fieldset class=\"hidden-fields-container\"><input type=\"hidden\" name=\"_wpcf7\" value=\"1068\" \/><input type=\"hidden\" name=\"_wpcf7_version\" value=\"6.1\" \/><input type=\"hidden\" name=\"_wpcf7_locale\" value=\"fr_FR\" \/><input type=\"hidden\" name=\"_wpcf7_unit_tag\" value=\"wpcf7-f1068-o1\" \/><input type=\"hidden\" name=\"_wpcf7_container_post\" value=\"0\" \/><input type=\"hidden\" name=\"_wpcf7_posted_data_hash\" value=\"\" \/>\n<\/fieldset>\n<div class=\"row form-contact\">\n\t<div class=\"col-md-6\">\n\t\t<p><label>Apellido * :<\/label><span class=\"wpcf7-form-control-wrap\" data-name=\"nom\"><input size=\"40\" maxlength=\"400\" class=\"wpcf7-form-control wpcf7-text wpcf7-validates-as-required\" aria-required=\"true\" aria-invalid=\"false\" value=\"\" type=\"text\" name=\"nom\" \/><\/span>\n\t\t<\/p>\n\t\t<p><label>Primer nombre * :<\/label><span class=\"wpcf7-form-control-wrap\" data-name=\"prenom\"><input size=\"40\" maxlength=\"400\" class=\"wpcf7-form-control wpcf7-text wpcf7-validates-as-required\" aria-required=\"true\" aria-invalid=\"false\" value=\"\" type=\"text\" name=\"prenom\" \/><\/span>\n\t\t<\/p>\n\t\t<p><label>Email * :<\/label><span class=\"wpcf7-form-control-wrap\" data-name=\"email\"><input size=\"40\" maxlength=\"400\" class=\"wpcf7-form-control wpcf7-email wpcf7-validates-as-required wpcf7-text wpcf7-validates-as-email\" aria-required=\"true\" aria-invalid=\"false\" value=\"\" type=\"email\" name=\"email\" \/><\/span>\n\t\t<\/p>\n\t\t<p><label>Direcci\u00f3n postal * :<\/label><span class=\"wpcf7-form-control-wrap\" data-name=\"adresse\"><textarea cols=\"40\" rows=\"3\" maxlength=\"2000\" class=\"wpcf7-form-control wpcf7-textarea wpcf7-validates-as-required\" aria-required=\"true\" aria-invalid=\"false\" name=\"adresse\"><\/textarea><\/span>\n\t\t<\/p>\n\t\t<p><label>C\u00f3digo postal * :<\/label><span class=\"wpcf7-form-control-wrap\" data-name=\"codepostal\"><input size=\"40\" maxlength=\"400\" class=\"wpcf7-form-control wpcf7-text wpcf7-validates-as-required\" aria-required=\"true\" aria-invalid=\"false\" value=\"\" type=\"text\" name=\"codepostal\" \/><\/span>\n\t\t<\/p>\n\t\t<p><label>Ciudad * :<\/label><span class=\"wpcf7-form-control-wrap\" data-name=\"ville\"><input size=\"40\" maxlength=\"400\" class=\"wpcf7-form-control wpcf7-text wpcf7-validates-as-required\" aria-required=\"true\" aria-invalid=\"false\" value=\"\" type=\"text\" name=\"ville\" \/><\/span>\n\t\t<\/p>\n\t\t<p><label>Pais * :<\/label><span class=\"wpcf7-form-control-wrap\" data-name=\"pays\"><input size=\"40\" maxlength=\"400\" class=\"wpcf7-form-control wpcf7-text wpcf7-validates-as-required\" aria-required=\"true\" aria-invalid=\"false\" value=\"\" type=\"text\" name=\"pays\" \/><\/span>\n\t\t<\/p>\n\t\t<p><label>Telefono * :<\/label><span class=\"wpcf7-form-control-wrap\" data-name=\"telephone\"><input size=\"40\" maxlength=\"400\" class=\"wpcf7-form-control wpcf7-tel wpcf7-validates-as-required wpcf7-text wpcf7-validates-as-tel\" aria-required=\"true\" aria-invalid=\"false\" value=\"\" type=\"tel\" name=\"telephone\" \/><\/span>\n\t\t<\/p>\n\t\t<p><label>Fax :<\/label><span class=\"wpcf7-form-control-wrap\" data-name=\"fax\"><input size=\"40\" maxlength=\"400\" class=\"wpcf7-form-control wpcf7-text\" aria-invalid=\"false\" value=\"\" type=\"text\" name=\"fax\" \/><\/span>\n\t\t<\/p>\n\t<\/div>\n\t<div class=\"col-md-6\">\n\t\t<p><label>Fecha de llegada :<\/label><span class=\"wpcf7-form-control-wrap\" data-name=\"date-arrivee\"><input size=\"40\" maxlength=\"400\" class=\"wpcf7-form-control wpcf7-text\" aria-invalid=\"false\" placeholder=\"jj\/mm\/aaaa\" value=\"\" type=\"text\" name=\"date-arrivee\" \/><\/span>\n\t\t<\/p>\n\t\t<p><label>Fecha de salida :<\/label><span class=\"wpcf7-form-control-wrap\" data-name=\"date-depart\"><input size=\"40\" maxlength=\"400\" class=\"wpcf7-form-control wpcf7-text\" aria-invalid=\"false\" placeholder=\"jj\/mm\/aaaa\" value=\"\" type=\"text\" name=\"date-depart\" \/><\/span>\n\t\t<\/p>\n\t\t<div class=\"info-empl\">\n\t\t\t<p><strong>Informaci\u00f3n sobre la ubicaciones<\/strong>\n\t\t\t<\/p>\n\t\t\t<p><span>Numero de alquiler<\/span> : Carpa(s) : <span class=\"wpcf7-form-control-wrap\" data-name=\"nb-tente\"><input size=\"3\" maxlength=\"400\" class=\"wpcf7-form-control wpcf7-text\" aria-invalid=\"false\" value=\"\" type=\"text\" name=\"nb-tente\" \/><\/span> Caravana(s) : <span class=\"wpcf7-form-control-wrap\" data-name=\"nb-caravane\"><input size=\"3\" maxlength=\"400\" class=\"wpcf7-form-control wpcf7-text\" aria-invalid=\"false\" value=\"\" type=\"text\" name=\"nb-caravane\" \/><\/span>\n\t\t\t<\/p>\n\t\t\t<p><span>Electricidad<\/span> : 2 amperios : <span class=\"wpcf7-form-control-wrap\" data-name=\"elec-2amp\"><input size=\"3\" maxlength=\"400\" class=\"wpcf7-form-control wpcf7-text\" aria-invalid=\"false\" value=\"\" type=\"text\" name=\"elec-2amp\" \/><\/span> 6 amperios : <span class=\"wpcf7-form-control-wrap\" data-name=\"elec-6amp\"><input size=\"3\" maxlength=\"400\" class=\"wpcf7-form-control wpcf7-text\" aria-invalid=\"false\" value=\"\" type=\"text\" name=\"elec-6amp\" \/><\/span>\n\t\t\t<\/p>\n\t\t\t<p><span>Numero de personas<\/span> : Adulto(s) : <span class=\"wpcf7-form-control-wrap\" data-name=\"nb-adulte\"><input size=\"3\" maxlength=\"400\" class=\"wpcf7-form-control wpcf7-text\" aria-invalid=\"false\" value=\"\" type=\"text\" name=\"nb-adulte\" \/><\/span> Ni\u00f1o(s) - de 7 a\u00f1os : <span class=\"wpcf7-form-control-wrap\" data-name=\"nb-enfants\"><input size=\"3\" maxlength=\"400\" class=\"wpcf7-form-control wpcf7-text\" aria-invalid=\"false\" value=\"\" type=\"text\" name=\"nb-enfants\" \/><\/span>\n\t\t\t<\/p>\n\t\t<\/div>\n\t\t<p><span class=\"wpcf7-form-control-wrap\" data-name=\"rens-chalet\"><span class=\"wpcf7-form-control wpcf7-checkbox\"><span class=\"wpcf7-list-item first last\"><label><span class=\"wpcf7-list-item-label\">Informaci\u00f3n chalet<\/span><input type=\"checkbox\" name=\"rens-chalet[]\" value=\"Informaci\u00f3n chalet\" \/><\/label><\/span><\/span><\/span>\n\t\t<\/p>\n\t\t<p><span class=\"wpcf7-form-control-wrap\" data-name=\"rens-mobilhome\"><span class=\"wpcf7-form-control wpcf7-checkbox\"><span class=\"wpcf7-list-item first last\"><label><span class=\"wpcf7-list-item-label\">Informaci\u00f3n bungalow<\/span><input type=\"checkbox\" name=\"rens-mobilhome[]\" value=\"Informaci\u00f3n bungalow\" \/><\/label><\/span><\/span><\/span>\n\t\t<\/p>\n\t\t<p class=\"observation\"><br \/>\n<label>Comentarios :<\/label><span class=\"wpcf7-form-control-wrap\" data-name=\"observation\"><textarea cols=\"40\" rows=\"10\" maxlength=\"2000\" class=\"wpcf7-form-control wpcf7-textarea\" aria-invalid=\"false\" name=\"observation\"><\/textarea><\/span>\n\t\t<\/p>\n\t<\/div>\n\t<div class=\"col-md-12 text-center\">\n\t\t<p><input class=\"wpcf7-form-control wpcf7-submit has-spinner\" type=\"submit\" value=\"Enviar\" \/>\n\t\t<\/p>\n\t<\/div>\n<\/div><div class=\"wpcf7-response-output\" aria-hidden=\"true\"><\/div>\n<\/form>\n<\/div>\n[vc_column_text css=\u00bb.vc_custom_1643706513681{padding-top: 30px !important;}\u00bb]<\/p>\n<p style=\"text-align: center;\"><strong><span style=\"font-size: 18px;\">Para reservar, descargue, imprima, complete y devuelva por correo:<\/span><\/strong><\/p>\n<p style=\"text-align: center;\"><span style=\"font-size: 18px;\"><a title=\"T\u00e9l\u00e9charger le contrat de location\" href=\"\/wp-content\/uploads\/2022\/01\/CONTRAT-2022-ES.pdf\"><img loading=\"lazy\" decoding=\"async\" class=\"alignnone wp-image-284 size-full\" src=\"\/wp-content\/uploads\/2015\/06\/pdf.jpg\" alt=\"pdf\" width=\"36\" height=\"35\" \/>Contrato de alquiler<\/a><\/span><\/p>\n<p style=\"text-align: center;\"><span style=\"font-size: 18px;\"><a title=\"T\u00e9l\u00e9charger le r\u00e8glement int\u00e9rieur\" href=\"\/wp-content\/uploads\/2015\/06\/REGLEMENT_INTERIEUR.pdf\"><img loading=\"lazy\" decoding=\"async\" class=\"alignnone wp-image-284 size-full\" src=\"\/wp-content\/uploads\/2015\/06\/pdf.jpg\" alt=\"pdf\" width=\"36\" height=\"35\" \/>Reglamento interno<\/a><\/span><\/p>\n<p>[\/vc_column_text][\/vc_column][\/vc_row]<\/p>\n<\/div>","protected":false},"excerpt":{"rendered":"<p>[vc_row css=\u00bb.vc_custom_1427791878257{margin-bottom: 0px !important;padding-top: 30px !important;padding-bottom: 30px !important;}\u00bb][vc_column][vc_column_text css=\u00bb.vc_custom_1643706513681{padding-top: 30px !important;}\u00bb] Para reservar, descargue, imprima, complete y devuelva por correo: Contrato de alquiler Reglamento interno [\/vc_column_text][\/vc_column][\/vc_row]<\/p>\n","protected":false},"author":1,"featured_media":0,"parent":0,"menu_order":0,"comment_status":"closed","ping_status":"open","template":"","meta":{"footnotes":""},"class_list":["post-1069","page","type-page","status-publish","hentry"],"aioseo_notices":[],"_links":{"self":[{"href":"https:\/\/www.camping-les-chataigniers.com\/es\/wp-json\/wp\/v2\/pages\/1069","targetHints":{"allow":["GET"]}}],"collection":[{"href":"https:\/\/www.camping-les-chataigniers.com\/es\/wp-json\/wp\/v2\/pages"}],"about":[{"href":"https:\/\/www.camping-les-chataigniers.com\/es\/wp-json\/wp\/v2\/types\/page"}],"author":[{"embeddable":true,"href":"https:\/\/www.camping-les-chataigniers.com\/es\/wp-json\/wp\/v2\/users\/1"}],"replies":[{"embeddable":true,"href":"https:\/\/www.camping-les-chataigniers.com\/es\/wp-json\/wp\/v2\/comments?post=1069"}],"version-history":[{"count":2,"href":"https:\/\/www.camping-les-chataigniers.com\/es\/wp-json\/wp\/v2\/pages\/1069\/revisions"}],"predecessor-version":[{"id":1185,"href":"https:\/\/www.camping-les-chataigniers.com\/es\/wp-json\/wp\/v2\/pages\/1069\/revisions\/1185"}],"wp:attachment":[{"href":"https:\/\/www.camping-les-chataigniers.com\/es\/wp-json\/wp\/v2\/media?parent=1069"}],"curies":[{"name":"wp","href":"https:\/\/api.w.org\/{rel}","templated":true}]}}