{"id":1060,"date":"2021-01-19T11:14:16","date_gmt":"2021-01-19T10:14:16","guid":{"rendered":"https:\/\/www.camping-les-chataigniers.com\/?page_id=1060"},"modified":"2021-01-19T11:14:16","modified_gmt":"2021-01-19T10:14:16","slug":"ocio-y-naturaleza","status":"publish","type":"page","link":"https:\/\/www.camping-les-chataigniers.com\/es\/ocio-y-naturaleza\/","title":{"rendered":"Ocio y naturaleza en los pirineos"},"content":{"rendered":"<div class=\"wpb-content-wrapper\"><p>[vc_row css=\u00bb.vc_custom_1427901651079{margin-bottom: 0px !important;padding-top: 30px !important;padding-bottom: 30px !important;}\u00bb][vc_column][vc_column_text]<\/p>\n<h2>\u00a1El Vall\u00e9e des Gaves, en el coraz\u00f3n de los Pirineos, ofrece una amplia gama de actividades!<\/h2>\n<h3>Actividades deportivas<\/h3>\n<p style=\"text-align: justify;\"><strong>Deportes n\u00e1uticos:<\/strong> Rafting, hot-dog, hair-boat, hidrospeed, barranquismo, pesca en los gaves o en los lagos de los Hautes-Pyr\u00e9n\u00e9es, ba\u00f1o en los torrentes y lagos de monta\u00f1a.<\/p>\n<p><strong>Deportes a\u00e9reos:<\/strong> ala delta, parapente.<\/p>\n<p style=\"text-align: justify;\"><strong>Deportes en tierra: <\/strong>Caminatas ciclotur\u00edsticas por los m\u00edticos pasos del Tour de Francia (Tourmalet, Soulor, Aubisque, Aspin, Hautacam, Ardiden, Cambasque\u2026).<br \/>\nBicicleta de monta\u00f1a en el bosque y senderos de monta\u00f1a de los Pirineos. Senderismo: cientos de caminatas para todos los niveles (familiar a excursionista experimentado) desde los m\u00e1s famosos del mundo (cirque de Gavarnie, Troumouse, Vignemale, Pic du Midi &#8230;) hasta los m\u00e1s pintorescos, lagos, presas, cascadas para descubrir y admirar !!! pases, cumbres para escalar !! y la naturaleza a cada paso intacta y hermosa.<\/p>\n<p>[\/vc_column_text][vc_column_text]<\/p>\n<h3>Actividades culturales<\/h3>\n<p style=\"text-align: justify;\">Visitas a sitios medievales (iglesias, abad\u00eda, castillos) y pueblos t\u00edpicos pirenaicos en la ladera de la monta\u00f1a. Visitas a cuevas (B\u00e9tharram, M\u00e9dous\u2026).<\/p>\n<h3 style=\"text-align: justify;\">Distracciones<\/h3>\n<p style=\"text-align: justify;\">Piscinas, parque acu\u00e1tico, curso de pesca de truchas para ni\u00f1os, recorrido de acrobacias en los \u00e1rboles, parque de animales, mercadillos t\u00edpicos, espect\u00e1culo de rapaces, m\u00faltiples actividades en Argel\u00e8s.<\/p>\n<h3 style=\"text-align: justify;\">Socios<\/h3>\n<p style=\"text-align: justify;\">Oficina virtual de gu\u00edas y escoltas de monta\u00f1a (m\u00e1s informaci\u00f3n). El mundo de los Pirineos (m\u00e1s informaci\u00f3n).<\/p>\n<p style=\"text-align: justify;\"><strong>Balnearios<\/strong><\/p>\n<p style=\"text-align: justify;\">Argel\u00e8s-Gazost, Beaucens, Cauterets, Bar\u00e8ges.<\/p>\n<p style=\"text-align: justify;\"><strong>Todo pr\u00e1cticamente a menos de 15 km del camping !!<br \/>\ny siempre nuestros sabios consejos para hacer su estad\u00eda lo m\u00e1s placentera posible!<\/strong><\/p>\n<p>[\/vc_column_text][\/vc_column][\/vc_row][vc_row full_width=\u00bbstretch_row\u00bb css=\u00bb.vc_custom_1428494340164{padding-top: 30px !important;padding-bottom: 30px !important;background-color: #4a2212 !important;}\u00bb][vc_column][vc_column_text]<\/p>\n<h2>Fotos<\/h2>\n<p>[\/vc_column_text][vc_masonry_media_grid style=\u00bblazy\u00bb element_width=\u00bb3&#8243; gap=\u00bb10&#8243; arrows_design=\u00bbnone\u00bb arrows_position=\u00bbinside\u00bb arrows_color=\u00bbblue\u00bb paging_design=\u00bbradio_dots\u00bb paging_color=\u00bbgrey\u00bb loop=\u00bb\u00bb autoplay=\u00bb-1&#8243; grid_id=\u00bbvc_gid:1611050948210-1fb07d02-49ee-9&#8243; include=\u00bb196,197,198,199,200,201,202,203,204,205,208&#8243;][\/vc_column][\/vc_row]<\/p>\n<\/div>","protected":false},"excerpt":{"rendered":"<p>[vc_row css=\u00bb.vc_custom_1427901651079{margin-bottom: 0px !important;padding-top: 30px !important;padding-bottom: 30px !important;}\u00bb][vc_column][vc_column_text] \u00a1El Vall\u00e9e des Gaves, en el coraz\u00f3n de los Pirineos, ofrece una amplia gama de actividades! Actividades deportivas Deportes n\u00e1uticos: Rafting, hot-dog, hair-boat, hidrospeed, barranquismo, pesca en los gaves o en los lagos de los Hautes-Pyr\u00e9n\u00e9es, ba\u00f1o en los torrentes y lagos de monta\u00f1a. Deportes a\u00e9reos: ala\u2026<\/p>\n","protected":false},"author":1,"featured_media":0,"parent":0,"menu_order":0,"comment_status":"closed","ping_status":"open","template":"","meta":{"footnotes":""},"class_list":["post-1060","page","type-page","status-publish","hentry"],"aioseo_notices":[],"_links":{"self":[{"href":"https:\/\/www.camping-les-chataigniers.com\/es\/wp-json\/wp\/v2\/pages\/1060","targetHints":{"allow":["GET"]}}],"collection":[{"href":"https:\/\/www.camping-les-chataigniers.com\/es\/wp-json\/wp\/v2\/pages"}],"about":[{"href":"https:\/\/www.camping-les-chataigniers.com\/es\/wp-json\/wp\/v2\/types\/page"}],"author":[{"embeddable":true,"href":"https:\/\/www.camping-les-chataigniers.com\/es\/wp-json\/wp\/v2\/users\/1"}],"replies":[{"embeddable":true,"href":"https:\/\/www.camping-les-chataigniers.com\/es\/wp-json\/wp\/v2\/comments?post=1060"}],"version-history":[{"count":1,"href":"https:\/\/www.camping-les-chataigniers.com\/es\/wp-json\/wp\/v2\/pages\/1060\/revisions"}],"predecessor-version":[{"id":1061,"href":"https:\/\/www.camping-les-chataigniers.com\/es\/wp-json\/wp\/v2\/pages\/1060\/revisions\/1061"}],"wp:attachment":[{"href":"https:\/\/www.camping-les-chataigniers.com\/es\/wp-json\/wp\/v2\/media?parent=1060"}],"curies":[{"name":"wp","href":"https:\/\/api.w.org\/{rel}","templated":true}]}}