{"id":1052,"date":"2021-01-19T11:01:26","date_gmt":"2021-01-19T10:01:26","guid":{"rendered":"https:\/\/www.camping-les-chataigniers.com\/?page_id=1052"},"modified":"2023-12-21T13:53:42","modified_gmt":"2023-12-21T12:53:42","slug":"tarifas","status":"publish","type":"page","link":"https:\/\/www.camping-les-chataigniers.com\/es\/tarifas\/","title":{"rendered":"Tarifas"},"content":{"rendered":"<div class=\"wpb-content-wrapper\"><p>[vc_row css=\u00bb.vc_custom_1427793708137{margin-bottom: 0px !important;padding-top: 30px !important;padding-bottom: 30px !important;}\u00bb][vc_column width=\u00bb2\/3&#8243;][vc_column_text el_class=\u00bbinfo-tarifs\u00bb]<strong>JUNIO-SEPTIEMBRE<br \/>\n<\/strong><br \/>\nPaquete parcela 2 personas + electricidad 6 amperios + su perro a 17 euros por noche solamente!<br \/>\nAmigos campistas, caravanas, operadores de furgonetas, operadores de<br \/>\nautocaravanas: <strong>\u00a1\u00a1\u00a1DISFRUTA !!!<\/strong>[\/vc_column_text][vc_column_text]\n<table id=\"tablepress-7\" class=\"tablepress tablepress-id-7\">\n<thead>\n<tr class=\"row-1\">\n\t<th class=\"column-1\">Precios 2026 \/ noche, 4 parcelas abiertas del 30\/05 al 06\/09<\/th><th class=\"column-2\">Del 30\/05 al 05\/07 y del 30\/08 al 06\/09 <\/th><th class=\"column-3\">Del 05\/07 al 12\/07<br \/>\nDel 23\/08 al 30\/08<\/th><th class=\"column-4\">Del 12\/07 al 23\/08<\/th>\n<\/tr>\n<\/thead>\n<tbody class=\"row-striping row-hover\">\n<tr class=\"row-2\">\n\t<td class=\"column-1\">Paquete 2 personas + 1 ubicaci\u00f3n  <\/td><td class=\"column-2\">17.00\u20ac<\/td><td class=\"column-3\">23.00\u20ac<\/td><td class=\"column-4\">34.00\u20ac<\/td>\n<\/tr>\n<tr class=\"row-3\">\n\t<td class=\"column-1\">Persona adicional> 7 a\u00f1os <\/td><td class=\"column-2\">5.50\u20ac<\/td><td class=\"column-3\">6.00\u20ac<\/td><td class=\"column-4\">7.90\u20ac<\/td>\n<\/tr>\n<tr class=\"row-4\">\n\t<td class=\"column-1\">Ni\u00f1os menores de 7 a\u00f1os<\/td><td class=\"column-2\">3.80\u20ac<\/td><td class=\"column-3\">4.60\u20ac<\/td><td class=\"column-4\">6.10\u20ac<\/td>\n<\/tr>\n<tr class=\"row-5\">\n\t<td class=\"column-1\">Ni\u00f1os menores de 1 a\u00f1o <\/td><td class=\"column-2\">Gratis<\/td><td class=\"column-3\">Gratis<\/td><td class=\"column-4\">Gratis<\/td>\n<\/tr>\n<tr class=\"row-6\">\n\t<td class=\"column-1\">Electricidad 2 Amperios<\/td><td class=\"column-2\">3.00\u20ac<\/td><td class=\"column-3\">3.00\u20ac<\/td><td class=\"column-4\">3.00\u20ac<\/td>\n<\/tr>\n<tr class=\"row-7\">\n\t<td class=\"column-1\">Electricidad 6 Amperios<\/td><td class=\"column-2\">5.00\u20ac<\/td><td class=\"column-3\">5.00\u20ac<\/td><td class=\"column-4\">5.00\u20ac<\/td>\n<\/tr>\n<tr class=\"row-8\">\n\t<td class=\"column-1\">Animales (1 \/ parcela, libro actualizado)<\/td><td class=\"column-2\">Gratis<\/td><td class=\"column-3\">3.00\u20ac<\/td><td class=\"column-4\">3.00\u20ac<\/td>\n<\/tr>\n<tr class=\"row-9\">\n\t<td class=\"column-1\">Coche adicional<\/td><td class=\"column-2\">Gratis<\/td><td class=\"column-3\">Gratis<\/td><td class=\"column-4\">4.50\u20ac<\/td>\n<\/tr>\n<tr class=\"row-10\">\n\t<td class=\"column-1\">Visitante<\/td><td class=\"column-2\">2.00\u20ac<\/td><td class=\"column-3\">2.00\u20ac<\/td><td class=\"column-4\">2.00\u20ac<\/td>\n<\/tr>\n<tr class=\"row-11\">\n\t<td class=\"column-1\">Wifi<\/td><td class=\"column-2\">Gratis<\/td><td class=\"column-3\">Gratis<\/td><td class=\"column-4\">Gratis<\/td>\n<\/tr>\n<\/tbody>\n<\/table>\n<!-- #tablepress-7 from cache -->[\/vc_column_text][\/vc_column][vc_column width=\u00bb1\/3&#8243;][vc_row_inner][vc_column_inner width=\u00bb1\/2&#8243;][vc_single_image image=\u00bb94&#8243; img_size=\u00bbfull\u00bb alignment=\u00bbcenter\u00bb][\/vc_column_inner][vc_column_inner width=\u00bb1\/2&#8243;][vc_single_image image=\u00bb93&#8243; img_size=\u00bbfull\u00bb alignment=\u00bbcenter\u00bb][\/vc_column_inner][\/vc_row_inner][vc_column_text]<\/p>\n<ul>\n<li>Duchas calientes incluidas en el precio<\/li>\n<li>Agua caliente en los lavabos<\/li>\n<li>Aseos para discapacitados<\/li>\n<li>Ba\u00f1o para beb\u00e9s y ni\u00f1os<\/li>\n<li>Instalaciones sanitarias nuevas, amplias y limpias.<\/li>\n<li>Piscina estrictamente reservada para los clientes del camping Acceso gratuito a instalaciones sanitarias Acceso gratuito a documentaci\u00f3n, plancha y<\/li>\n<li>tabla de planchar, sala de TV Servicios de pago: lavadora, secadora<\/li>\n<\/ul>\n<p><strong>Tasa de estancia<\/strong> de 0,86 \u20ac \/ d\u00eda \/ persona mayor de 18 a\u00f1os<\/p>\n<p><strong>M\u00e9todos de pago aceptados:<\/strong> efectivo, giros postales, cheques, vales de vacaciones (Francia), transferencias bancarias<\/p>\n<p><strong><span style=\"color: #db0303 !important;\">Sin gastos de administraci\u00f3n, sin gastos de gesti\u00f3n<\/span><\/strong>[\/vc_column_text][\/vc_column][\/vc_row][vc_row][vc_column width=\u00bb1\/4&#8243;][vc_column_text]<br \/>\n[\/vc_column_text][\/vc_column][vc_column width=\u00bb1\/4&#8243;][vc_button2 title=\u00bbVER TARIFAS DE LOS BUNGALOW\u00bb align=\u00bbright\u00bb style=\u00bbround\u00bb color=\u00bbgreen\u00bb el_class=\u00bbbouton\u00bb link=\u00bburl:http%3A%2F%2Fwww.camping-les-chataigniers.com%2Fes%2Ftarifas-mobil-home%2F|title:Tarifs%20Mobil-homes%20Bambi%204%2F5%20places%20-%20Camping%20Les%20Ch%C3%A2taigniers||\u00bb][\/vc_column][vc_column width=\u00bb1\/4&#8243;][vc_button2 title=\u00bbVER TARIFAS DE LOS CHALETS\u00bb align=\u00bbleft\u00bb style=\u00bbround\u00bb color=\u00bbgreen\u00bb el_class=\u00bbbouton\u00bb link=\u00bburl:http%3A%2F%2Fwww.camping-les-chataigniers.com%2Fes%2Ftarifas-chalets%2F|title:Tarifs%20chalets%205%20places%20-%20Camping%20Les%20Ch%C3%A2taigniers||\u00bb][\/vc_column][vc_column width=\u00bb1\/4&#8243;][vc_column_text]<br \/>\n[\/vc_column_text][\/vc_column][\/vc_row]<\/p>\n<\/div>","protected":false},"excerpt":{"rendered":"<p>[vc_row css=\u00bb.vc_custom_1427793708137{margin-bottom: 0px !important;padding-top: 30px !important;padding-bottom: 30px !important;}\u00bb][vc_column width=\u00bb2\/3&#8243;][vc_column_text el_class=\u00bbinfo-tarifs\u00bb]JUNIO-SEPTIEMBRE Paquete parcela 2 personas + electricidad 6 amperios + su perro a 17 euros por noche solamente! Amigos campistas, caravanas, operadores de furgonetas, operadores de autocaravanas: \u00a1\u00a1\u00a1DISFRUTA !!![\/vc_column_text][vc_column_text][\/vc_column_text][\/vc_column][vc_column width=\u00bb1\/3&#8243;][vc_row_inner][vc_column_inner width=\u00bb1\/2&#8243;][vc_single_image image=\u00bb94&#8243; img_size=\u00bbfull\u00bb alignment=\u00bbcenter\u00bb][\/vc_column_inner][vc_column_inner width=\u00bb1\/2&#8243;][vc_single_image image=\u00bb93&#8243; img_size=\u00bbfull\u00bb alignment=\u00bbcenter\u00bb][\/vc_column_inner][\/vc_row_inner][vc_column_text] Duchas calientes incluidas en el precio Agua caliente\u2026<\/p>\n","protected":false},"author":1,"featured_media":0,"parent":0,"menu_order":0,"comment_status":"closed","ping_status":"open","template":"","meta":{"footnotes":""},"class_list":["post-1052","page","type-page","status-publish","hentry"],"aioseo_notices":[],"_links":{"self":[{"href":"https:\/\/www.camping-les-chataigniers.com\/es\/wp-json\/wp\/v2\/pages\/1052","targetHints":{"allow":["GET"]}}],"collection":[{"href":"https:\/\/www.camping-les-chataigniers.com\/es\/wp-json\/wp\/v2\/pages"}],"about":[{"href":"https:\/\/www.camping-les-chataigniers.com\/es\/wp-json\/wp\/v2\/types\/page"}],"author":[{"embeddable":true,"href":"https:\/\/www.camping-les-chataigniers.com\/es\/wp-json\/wp\/v2\/users\/1"}],"replies":[{"embeddable":true,"href":"https:\/\/www.camping-les-chataigniers.com\/es\/wp-json\/wp\/v2\/comments?post=1052"}],"version-history":[{"count":8,"href":"https:\/\/www.camping-les-chataigniers.com\/es\/wp-json\/wp\/v2\/pages\/1052\/revisions"}],"predecessor-version":[{"id":1461,"href":"https:\/\/www.camping-les-chataigniers.com\/es\/wp-json\/wp\/v2\/pages\/1052\/revisions\/1461"}],"wp:attachment":[{"href":"https:\/\/www.camping-les-chataigniers.com\/es\/wp-json\/wp\/v2\/media?parent=1052"}],"curies":[{"name":"wp","href":"https:\/\/api.w.org\/{rel}","templated":true}]}}