{"id":1042,"date":"2021-01-19T10:45:57","date_gmt":"2021-01-19T09:45:57","guid":{"rendered":"https:\/\/www.camping-les-chataigniers.com\/?page_id=1042"},"modified":"2023-12-18T17:25:45","modified_gmt":"2023-12-18T16:25:45","slug":"nuestro-camping-en-las-hautes-pyrenees","status":"publish","type":"page","link":"https:\/\/www.camping-les-chataigniers.com\/es\/nuestro-camping-en-las-hautes-pyrenees\/","title":{"rendered":"Nuestro camping en las hautes pyrenees"},"content":{"rendered":"<div class=\"wpb-content-wrapper\"><p>[vc_row css=\u00bb.vc_custom_1427728451952{margin-bottom: 0px !important;padding-top: 40px !important;padding-bottom: 40px !important;}\u00bb][vc_column][vc_column_text]Lejos de todo tr\u00e1fico rodado, en el centro geogr\u00e1fico de los principales puntos tur\u00edsticos y multitud de rutas de senderismo, \u00abLes ch\u00e2taigniers\u00bb es un camping de <strong>3 estrellas<\/strong> con 44 parcelas de 190 m2 cada una, en 5 ha situado en <strong>Arcizans-Avant<\/strong> (un peque\u00f1o pueblo t\u00edpico de los Pirineos y del <strong>Parque Nacional de los Pirineos<\/strong>).<br \/>\n<strong>A s\u00f3lo 2 km de Argel\u00e8s-Gazost, a 12 km de Lourdes, Luz St Sauveur y Cauterets<\/strong>.<\/p>\n<p>Te ofrecemos una estancia en un entorno natural donde reinan la serenidad, el confort y el buen humor m\u00e1s un ESPECTACULAR PANORAMA hundi\u00e9ndote sobre el valle de Argel\u00e8s-Gazost, la sierra del Pibeste, el Pic du Jer, la sierra de Hautacam, &#8230;<\/p>\n<p>Les Ch\u00e2taigniers ofrece en el sitio:<\/p>\n<ul>\n<li>TRANQUILIDAD &#8211; COMODIDAD &#8211; LIMPIEZA &#8211; ASESORAMIENTO<\/li>\n<li>parcelas muy grandes (150 a 250m\u00b2) separadas por arbustos y con una hermosa vista de las monta\u00f1as instalaciones<\/li>\n<li><strong>sanitarias nuevas y modernas<\/strong> (ba\u00f1o para beb\u00e9s, ducha para ni\u00f1os, duchas amplias, lavabos en caba\u00f1as, etc.) y <strong>SIEMPRE LIMPIO<\/strong><\/li>\n<li>juegos para ni\u00f1os, piscina con zona infantil<\/li>\n<li>lavadora, secadora, congelaci\u00f3n de bloques de hielo, pan y boller\u00eda<\/li>\n<li>ba\u00f1os para discapacitados<\/li>\n<li>Recepci\u00f3n abierta de 8 a 12 y de 14 a 21 h.<\/li>\n<li>200 m, en la plaza del pueblo, bares, restaurantes, animaci\u00f3n en julio y agosto, comidas para llevar<\/li>\n<\/ul>\n<p style=\"text-align: justify;\">Y sobre todo, D\u00e9d\u00e9 y Sylvie, los propietarios estar\u00e1n all\u00ed en todo momento para recibirte, aconsejarte (rutas de senderismo, gastronom\u00eda local, actividades deportivas, etc.) y compartir contigo su sonrisa para que puedas combinar durante tu estancia:<\/p>\n<p style=\"text-align: center;\"><strong>NATURALEZA &#8211; DESCANSO &#8211; OCIO<\/strong><\/p>\n<p>[\/vc_column_text][\/vc_column][\/vc_row][vc_row full_width=\u00bbstretch_row\u00bb css=\u00bb.vc_custom_1427984462624{margin-bottom: 0px !important;padding-top: 30px !important;padding-bottom: 30px !important;background-color: #4a2212 !important;}\u00bb][vc_column][vc_column_text]<\/p>\n<h2>Fotos del camping<\/h2>\n<p>[\/vc_column_text][vc_masonry_media_grid style=\u00bblazy\u00bb element_width=\u00bb3&#8243; gap=\u00bb20&#8243; arrows_design=\u00bbnone\u00bb arrows_position=\u00bbinside\u00bb arrows_color=\u00bbblue\u00bb paging_design=\u00bbradio_dots\u00bb paging_color=\u00bbgrey\u00bb loop=\u00bb\u00bb autoplay=\u00bb-1&#8243; grid_id=\u00bbvc_gid:1702916690559-bf907074-f0c5-10&#8243; include=\u00bb945,946,1425,948,949,1431,951,1433,953,954,955,956&#8243;][\/vc_column][\/vc_row]<\/p>\n<\/div>","protected":false},"excerpt":{"rendered":"<p>[vc_row css=\u00bb.vc_custom_1427728451952{margin-bottom: 0px !important;padding-top: 40px !important;padding-bottom: 40px !important;}\u00bb][vc_column][vc_column_text]Lejos de todo tr\u00e1fico rodado, en el centro geogr\u00e1fico de los principales puntos tur\u00edsticos y multitud de rutas de senderismo, \u00abLes ch\u00e2taigniers\u00bb es un camping de 3 estrellas con 44 parcelas de 190 m2 cada una, en 5 ha situado en Arcizans-Avant (un peque\u00f1o pueblo t\u00edpico de los\u2026<\/p>\n","protected":false},"author":1,"featured_media":1425,"parent":0,"menu_order":0,"comment_status":"closed","ping_status":"open","template":"","meta":{"footnotes":""},"class_list":["post-1042","page","type-page","status-publish","hentry"],"aioseo_notices":[],"_links":{"self":[{"href":"https:\/\/www.camping-les-chataigniers.com\/es\/wp-json\/wp\/v2\/pages\/1042","targetHints":{"allow":["GET"]}}],"collection":[{"href":"https:\/\/www.camping-les-chataigniers.com\/es\/wp-json\/wp\/v2\/pages"}],"about":[{"href":"https:\/\/www.camping-les-chataigniers.com\/es\/wp-json\/wp\/v2\/types\/page"}],"author":[{"embeddable":true,"href":"https:\/\/www.camping-les-chataigniers.com\/es\/wp-json\/wp\/v2\/users\/1"}],"replies":[{"embeddable":true,"href":"https:\/\/www.camping-les-chataigniers.com\/es\/wp-json\/wp\/v2\/comments?post=1042"}],"version-history":[{"count":7,"href":"https:\/\/www.camping-les-chataigniers.com\/es\/wp-json\/wp\/v2\/pages\/1042\/revisions"}],"predecessor-version":[{"id":1441,"href":"https:\/\/www.camping-les-chataigniers.com\/es\/wp-json\/wp\/v2\/pages\/1042\/revisions\/1441"}],"wp:featuredmedia":[{"embeddable":true,"href":"https:\/\/www.camping-les-chataigniers.com\/es\/wp-json\/wp\/v2\/media\/1425"}],"wp:attachment":[{"href":"https:\/\/www.camping-les-chataigniers.com\/es\/wp-json\/wp\/v2\/media?parent=1042"}],"curies":[{"name":"wp","href":"https:\/\/api.w.org\/{rel}","templated":true}]}}