{"id":1032,"date":"2021-01-19T10:30:18","date_gmt":"2021-01-19T09:30:18","guid":{"rendered":"https:\/\/www.camping-les-chataigniers.com\/?page_id=1032"},"modified":"2024-12-11T15:52:14","modified_gmt":"2024-12-11T14:52:14","slug":"bienvenida","status":"publish","type":"page","link":"https:\/\/www.camping-les-chataigniers.com\/es\/","title":{"rendered":"Bienvenida"},"content":{"rendered":"<div class=\"wpb-content-wrapper\"><p>[vc_row css=\u00bb.vc_custom_1427728259873{margin-bottom: 0px !important;padding-top: 40px !important;padding-bottom: 40px !important;}\u00bb][vc_column width=\u00bb1\/2&#8243; css=\u00bb.vc_custom_1434371708808{padding-top: 40px !important;}\u00bb][vc_column_text css=\u00bb\u00bb]<\/p>\n<p style=\"text-align: left;\"><span style=\"font-size: 24px;\"><em><span style=\"color: #bbbb38;\">D\u00e9d\u00e9 y Sylvie est\u00e1n felices de darle la bienvenida al sitio del Camping Les Ch\u00e2taigniers, que esperamos cumpla con sus expectativas.<\/span><\/em><\/span><\/p>\n<p><span style=\"font-size: 24px; color: #153bad;\"><em>Para su comodidad, nuestras parcelas de 190 m2 cada una (\u00a1no suenas!), est\u00e1n equipadas individualmente con mesa campestre con bancos, barbacoa, tendedero \u00a1adem\u00e1s de la posibilidad de alquilar una nevera de 90 litros con congelador!<br \/>\n\u00a1Tus maletas solo ser\u00e1n m\u00e1s ligeras!<\/em><\/span><\/p>\n<p style=\"text-align: left;\"><span style=\"font-size: 24px;\"><em><span style=\"color: #a54d31;\">\u00a1Ver la sonrisa en tu cara es nuestro primer salario!<br \/>\n\u00a1Bienvenido! \u00a1Aqu\u00ed no hay gastos de reserva ni de administraci\u00f3n!<\/span><\/em><\/span><\/p>\n<p>[\/vc_column_text][\/vc_column][vc_column width=\u00bb1\/2&#8243;][vc_column_text]Vacaciones de descubrimiento, vacaciones deportivas, vacaciones contemplativas, vacaciones de bienestar &#8230; \u00a1Todo est\u00e1 en el programa!<\/p>\n<p>Gracias a su ubicaci\u00f3n privilegiada, en el cruce de <strong>los valles de Luz, Cauterets, Hautacam y Val d&#8217;Azun,<\/strong> alojarse en el camping Les<br \/>\nCh\u00e2taigniers le permitir\u00e1 hacer senderismo en el Parque Nacional de los Altos Pirineos, visitar parajes naturales: Pic du Midi, Lac de Gaube,<br \/>\nGavarnie, Pont d&#8217;Espagne, descubra pueblos t\u00edpicos o practique un gran n\u00famero de actividades deportivas &#8230; \u00a1o disfrute de tratamientos de<br \/>\nrelajaci\u00f3n y spa!<\/p>\n<p>Consulte nuestra <a href=\"\/es\/ocio-y-naturaleza\/\">p\u00e1gina Ocio y naturaleza<\/a> para obtener una descripci\u00f3n general de todas las actividades posibles en <strong>Argel\u00e8s-Gazost<\/strong>.<\/p>\n<p>En el Camping Les Ch\u00e2taigniers apreciar\u00e1 nuestras parcelas muy espaciosas (190 m2 cada una), WIFI gratuito, la piscina, nuestra<br \/>\n<strong>c\u00e1lida bienvenida<\/strong>, el panorama, <strong>la calma<\/strong>, la limpieza y compartiremos con usted el descubrimiento de nuestro valle.<\/p>\n<p>Para mantenerse informado de las novedades del Camping les Ch\u00e2taigniers y del Valle de Argel\u00e8s-Gazost <strong>(Hautes-Pyr\u00e9n\u00e9es)<\/strong>, para dar una opini\u00f3n<br \/>\nsobre su estancia y consultar las de otros veraneantes, le invitamos a unirse a nosotros en nuestro <a href=\"https:\/\/www.tripadvisor.fr\/Hotel_Review-g2099450-d8644984-Reviews-Camping_Les_Chataigniers-Arcizans_Avant_Hautes_Pyrenees_Occitanie.html\" target=\"_blank\" rel=\"noopener\">Trip Advisor<\/a>, <a href=\"https:\/\/www.facebook.com\/camping.les.chataigniers.65\/\" target=\"_blank\" rel=\"noopener\">Facebook<\/a> y p\u00e1gina de <a href=\"https:\/\/www.google.com\/maps\/place\/Camping+Les+Ch%C3%A2taigniers***\/@42.9850719,-0.1072499,17z\/data=!3m1!4b1!4m10!3m9!1s0xd57da522d590323:0x156ff5385249d8a7!5m2!4m1!1i2!8m2!3d42.984601!4d-0.104632!9m1!1b1\" target=\"_blank\" rel=\"noopener\">Google<\/a>.[\/vc_column_text][vc_row_inner][vc_column_inner width=\u00bb1\/4&#8243;][vc_single_image image=\u00bb847&#8243; onclick=\u00bbcustom_link\u00bb img_link_target=\u00bb_blank\u00bb link=\u00bbhttp:\/\/www.tripadvisor.fr\/Hotel_Review-g2099450-d8644984-Reviews-Camping_Les_Chataigniers-Arcizans_Avant_Hautes_Pyrenees_Occitanie.html\u00bb][\/vc_column_inner][vc_column_inner width=\u00bb1\/4&#8243;][vc_single_image image=\u00bb382&#8243; img_size=\u00bbfull\u00bb alignment=\u00bbcenter\u00bb onclick=\u00bbcustom_link\u00bb img_link_target=\u00bb_blank\u00bb link=\u00bbhttps:\/\/fr-fr.facebook.com\/pages\/Camping-Les-Ch%C3%A2taigniers\/198533323635796&#8243;][\/vc_column_inner][vc_column_inner width=\u00bb1\/4&#8243;][vc_single_image image=\u00bb872&#8243; img_size=\u00bb64&#215;64&#8243; alignment=\u00bbcenter\u00bb style=\u00bbvc_box_circle_2&#8243; onclick=\u00bbcustom_link\u00bb img_link_target=\u00bb_blank\u00bb link=\u00bbhttps:\/\/www.google.com\/maps\/place\/Camping+Les+Ch%C3%A2taigniers***\/@42.984601,-0.1068207,17z\/data=!3m1!4b1!4m7!3m6!1s0xd57da522d590323:0x156ff5385249d8a7!8m2!3d42.984601!4d-0.104632!9m1!1b1&#8243;][\/vc_column_inner][vc_column_inner width=\u00bb1\/4&#8243;][\/vc_column_inner][\/vc_row_inner][\/vc_column][\/vc_row][vc_row][vc_column][vc_raw_js]JTNDc2NyaXB0JTIwdHlwZSUzRCUyMnRleHQlMkZqYXZhc2NyaXB0JTIyJTNFJTBBaWYlMjAlMjh3aW5kb3cubG9jYXRpb24udG9TdHJpbmclMjglMjkuaW5jbHVkZXMlMjglMjIlMkZlcyUyRiUyMiUyOSUyOSUyMCU3QiUwQWRvY3VtZW50LmdldEVsZW1lbnRCeUlkJTI4JTIyaG9tZV90aXRsZSUyMiUyOS5pbm5lckhUTUwlMjAlM0QlMjAlMjJFbCUyMGJhbGNvbiUyMGRlbCUyMHZhbGxlJTIwZGUlMjBsb3MlMjBnYXZlcyUyMiUzQiUwQSU3RCUwQSUzQyUyRnNjcmlwdCUzRQ==[\/vc_raw_js][\/vc_column][\/vc_row]<\/p>\n<\/div>","protected":false},"excerpt":{"rendered":"<p>[vc_row css=\u00bb.vc_custom_1427728259873{margin-bottom: 0px !important;padding-top: 40px !important;padding-bottom: 40px !important;}\u00bb][vc_column width=\u00bb1\/2&#8243; css=\u00bb.vc_custom_1434371708808{padding-top: 40px !important;}\u00bb][vc_column_text css=\u00bb\u00bb] D\u00e9d\u00e9 y Sylvie est\u00e1n felices de darle la bienvenida al sitio del Camping Les Ch\u00e2taigniers, que esperamos cumpla con sus expectativas. Para su comodidad, nuestras parcelas de 190 m2 cada una (\u00a1no suenas!), est\u00e1n equipadas individualmente con mesa campestre con bancos, barbacoa,\u2026<\/p>\n","protected":false},"author":1,"featured_media":0,"parent":0,"menu_order":0,"comment_status":"closed","ping_status":"open","template":"page-accueil.php","meta":{"footnotes":""},"class_list":["post-1032","page","type-page","status-publish","hentry"],"aioseo_notices":[],"_links":{"self":[{"href":"https:\/\/www.camping-les-chataigniers.com\/es\/wp-json\/wp\/v2\/pages\/1032","targetHints":{"allow":["GET"]}}],"collection":[{"href":"https:\/\/www.camping-les-chataigniers.com\/es\/wp-json\/wp\/v2\/pages"}],"about":[{"href":"https:\/\/www.camping-les-chataigniers.com\/es\/wp-json\/wp\/v2\/types\/page"}],"author":[{"embeddable":true,"href":"https:\/\/www.camping-les-chataigniers.com\/es\/wp-json\/wp\/v2\/users\/1"}],"replies":[{"embeddable":true,"href":"https:\/\/www.camping-les-chataigniers.com\/es\/wp-json\/wp\/v2\/comments?post=1032"}],"version-history":[{"count":18,"href":"https:\/\/www.camping-les-chataigniers.com\/es\/wp-json\/wp\/v2\/pages\/1032\/revisions"}],"predecessor-version":[{"id":2815,"href":"https:\/\/www.camping-les-chataigniers.com\/es\/wp-json\/wp\/v2\/pages\/1032\/revisions\/2815"}],"wp:attachment":[{"href":"https:\/\/www.camping-les-chataigniers.com\/es\/wp-json\/wp\/v2\/media?parent=1032"}],"curies":[{"name":"wp","href":"https:\/\/api.w.org\/{rel}","templated":true}]}}