{"id":342,"date":"2015-06-12T14:20:01","date_gmt":"2015-06-12T13:20:01","guid":{"rendered":"http:\/\/chataig.novae-developpement.com\/?page_id=342"},"modified":"2022-02-01T10:08:12","modified_gmt":"2022-02-01T09:08:12","slug":"contact-bookings","status":"publish","type":"page","link":"https:\/\/www.camping-les-chataigniers.com\/en\/contact-bookings\/","title":{"rendered":"Contact &#038; Bookings"},"content":{"rendered":"<div class=\"wpb-content-wrapper\"><p>[vc_row css=&#8221;.vc_custom_1427791878257{margin-bottom: 0px !important;padding-top: 30px !important;padding-bottom: 30px !important;}&#8221;][vc_column]\n<div class=\"wpcf7 no-js\" id=\"wpcf7-f408-o1\" lang=\"fr-FR\" dir=\"ltr\" data-wpcf7-id=\"408\">\n<div class=\"screen-reader-response\"><p role=\"status\" aria-live=\"polite\" aria-atomic=\"true\"><\/p> <ul><\/ul><\/div>\n<form action=\"\/en\/wp-json\/wp\/v2\/pages\/342#wpcf7-f408-o1\" method=\"post\" class=\"wpcf7-form init\" aria-label=\"Formulaire de contact\" novalidate=\"novalidate\" data-status=\"init\">\n<fieldset class=\"hidden-fields-container\"><input type=\"hidden\" name=\"_wpcf7\" value=\"408\" \/><input type=\"hidden\" name=\"_wpcf7_version\" value=\"6.1\" \/><input type=\"hidden\" name=\"_wpcf7_locale\" value=\"fr_FR\" \/><input type=\"hidden\" name=\"_wpcf7_unit_tag\" value=\"wpcf7-f408-o1\" \/><input type=\"hidden\" name=\"_wpcf7_container_post\" value=\"0\" \/><input type=\"hidden\" name=\"_wpcf7_posted_data_hash\" value=\"\" \/>\n<\/fieldset>\n<div class=\"row form-contact\">\n\t<div class=\"col-md-6\">\n\t\t<p><label>Name:*<\/label><span class=\"wpcf7-form-control-wrap\" data-name=\"nom\"><input size=\"40\" maxlength=\"400\" class=\"wpcf7-form-control wpcf7-text wpcf7-validates-as-required\" aria-required=\"true\" aria-invalid=\"false\" value=\"\" type=\"text\" name=\"nom\" \/><\/span>\n\t\t<\/p>\n\t\t<p><label>Forename:*<\/label><span class=\"wpcf7-form-control-wrap\" data-name=\"nom\"><input size=\"40\" maxlength=\"400\" class=\"wpcf7-form-control wpcf7-text wpcf7-validates-as-required\" aria-required=\"true\" aria-invalid=\"false\" value=\"\" type=\"text\" name=\"nom\" \/><\/span>\n\t\t<\/p>\n\t\t<p><label>Email:*<\/label><span class=\"wpcf7-form-control-wrap\" data-name=\"email\"><input size=\"40\" maxlength=\"400\" class=\"wpcf7-form-control wpcf7-email wpcf7-validates-as-required wpcf7-text wpcf7-validates-as-email\" aria-required=\"true\" aria-invalid=\"false\" value=\"\" type=\"email\" name=\"email\" \/><\/span>\n\t\t<\/p>\n\t\t<p><label>Address:*<\/label><span class=\"wpcf7-form-control-wrap\" data-name=\"adresse\"><textarea cols=\"40\" rows=\"3\" maxlength=\"2000\" class=\"wpcf7-form-control wpcf7-textarea wpcf7-validates-as-required\" aria-required=\"true\" aria-invalid=\"false\" name=\"adresse\"><\/textarea><\/span>\n\t\t<\/p>\n\t\t<p><label>Zip code:*<\/label><span class=\"wpcf7-form-control-wrap\" data-name=\"codepostal\"><input size=\"40\" maxlength=\"400\" class=\"wpcf7-form-control wpcf7-text wpcf7-validates-as-required\" aria-required=\"true\" aria-invalid=\"false\" value=\"\" type=\"text\" name=\"codepostal\" \/><\/span>\n\t\t<\/p>\n\t\t<p><label>Town:*<\/label><span class=\"wpcf7-form-control-wrap\" data-name=\"ville\"><input size=\"40\" maxlength=\"400\" class=\"wpcf7-form-control wpcf7-text wpcf7-validates-as-required\" aria-required=\"true\" aria-invalid=\"false\" value=\"\" type=\"text\" name=\"ville\" \/><\/span>\n\t\t<\/p>\n\t\t<p><label>Country:*<\/label><span class=\"wpcf7-form-control-wrap\" data-name=\"pays\"><input size=\"40\" maxlength=\"400\" class=\"wpcf7-form-control wpcf7-text wpcf7-validates-as-required\" aria-required=\"true\" aria-invalid=\"false\" value=\"\" type=\"text\" name=\"pays\" \/><\/span>\n\t\t<\/p>\n\t\t<p><label>Phone nb:*<\/label><span class=\"wpcf7-form-control-wrap\" data-name=\"telephone\"><input size=\"40\" maxlength=\"400\" class=\"wpcf7-form-control wpcf7-tel wpcf7-validates-as-required wpcf7-text wpcf7-validates-as-tel\" aria-required=\"true\" aria-invalid=\"false\" value=\"\" type=\"tel\" name=\"telephone\" \/><\/span>\n\t\t<\/p>\n\t\t<p><label>Fax nb:<\/label><span class=\"wpcf7-form-control-wrap\" data-name=\"fax\"><input size=\"40\" maxlength=\"400\" class=\"wpcf7-form-control wpcf7-text\" aria-invalid=\"false\" value=\"\" type=\"text\" name=\"fax\" \/><\/span>\n\t\t<\/p>\n\t<\/div>\n\t<div class=\"col-md-6\">\n\t\t<p><label>Arrival date:<\/label><span class=\"wpcf7-form-control-wrap\" data-name=\"date-arrivee\"><input size=\"40\" maxlength=\"400\" class=\"wpcf7-form-control wpcf7-text\" aria-invalid=\"false\" placeholder=\"jj\/mm\/aaaa\" value=\"\" type=\"text\" name=\"date-arrivee\" \/><\/span>\n\t\t<\/p>\n\t\t<p><label>Departure date:<\/label><span class=\"wpcf7-form-control-wrap\" data-name=\"date-depart\"><input size=\"40\" maxlength=\"400\" class=\"wpcf7-form-control wpcf7-text\" aria-invalid=\"false\" placeholder=\"jj\/mm\/aaaa\" value=\"\" type=\"text\" name=\"date-depart\" \/><\/span>\n\t\t<\/p>\n\t\t<div class=\"info-empl\">\n\t\t\t<p><strong>Pitch information<\/strong>\n\t\t\t<\/p>\n\t\t\t<p><span>Number of pitches<\/span> : Tent(s) : <span class=\"wpcf7-form-control-wrap\" data-name=\"nb-tente\"><input size=\"3\" maxlength=\"400\" class=\"wpcf7-form-control wpcf7-text\" aria-invalid=\"false\" value=\"\" type=\"text\" name=\"nb-tente\" \/><\/span> Caravan(s) : <span class=\"wpcf7-form-control-wrap\" data-name=\"nb-caravane\"><input size=\"3\" maxlength=\"400\" class=\"wpcf7-form-control wpcf7-text\" aria-invalid=\"false\" value=\"\" type=\"text\" name=\"nb-caravane\" \/><\/span>\n\t\t\t<\/p>\n\t\t\t<p><span>Electricity<\/span>: 2 amp: <span class=\"wpcf7-form-control-wrap\" data-name=\"elec-2amp\"><input size=\"3\" maxlength=\"400\" class=\"wpcf7-form-control wpcf7-text\" aria-invalid=\"false\" value=\"\" type=\"text\" name=\"elec-2amp\" \/><\/span> 6 amp: <span class=\"wpcf7-form-control-wrap\" data-name=\"elec-6amp\"><input size=\"3\" maxlength=\"400\" class=\"wpcf7-form-control wpcf7-text\" aria-invalid=\"false\" value=\"\" type=\"text\" name=\"elec-6amp\" \/><\/span>\n\t\t\t<\/p>\n\t\t\t<p><span>Number of persons<\/span>: Adult(s): <span class=\"wpcf7-form-control-wrap\" data-name=\"nb-adulte\"><input size=\"3\" maxlength=\"400\" class=\"wpcf7-form-control wpcf7-text\" aria-invalid=\"false\" value=\"\" type=\"text\" name=\"nb-adulte\" \/><\/span> Child(ren) under 7: <span class=\"wpcf7-form-control-wrap\" data-name=\"nb-enfants\"><input size=\"3\" maxlength=\"400\" class=\"wpcf7-form-control wpcf7-text\" aria-invalid=\"false\" value=\"\" type=\"text\" name=\"nb-enfants\" \/><\/span>\n\t\t\t<\/p>\n\t\t<\/div>\n\t\t<p><span class=\"wpcf7-form-control-wrap\" data-name=\"rens-chalet\"><span class=\"wpcf7-form-control wpcf7-checkbox\"><span class=\"wpcf7-list-item first last\"><label><span class=\"wpcf7-list-item-label\">Chalet information<\/span><input type=\"checkbox\" name=\"rens-chalet[]\" value=\"Chalet information\" \/><\/label><\/span><\/span><\/span>\n\t\t<\/p>\n\t\t<p><span class=\"wpcf7-form-control-wrap\" data-name=\"rens-mobilhome\"><span class=\"wpcf7-form-control wpcf7-checkbox\"><span class=\"wpcf7-list-item first last\"><label><span class=\"wpcf7-list-item-label\">Mobil-home information<\/span><input type=\"checkbox\" name=\"rens-mobilhome[]\" value=\"Mobil-home information\" \/><\/label><\/span><\/span><\/span>\n\t\t<\/p>\n\t\t<p class=\"observation\"><br \/>\n<label>Comments:<\/label><span class=\"wpcf7-form-control-wrap\" data-name=\"observation\"><textarea cols=\"40\" rows=\"10\" maxlength=\"2000\" class=\"wpcf7-form-control wpcf7-textarea\" aria-invalid=\"false\" name=\"observation\"><\/textarea><\/span>\n\t\t<\/p>\n\t<\/div>\n\t<div class=\"col-md-12 text-center\">\n\t\t<p><input class=\"wpcf7-form-control wpcf7-submit has-spinner\" type=\"submit\" value=\"Send\" \/>\n\t\t<\/p>\n\t<\/div>\n<\/div><div class=\"wpcf7-response-output\" aria-hidden=\"true\"><\/div>\n<\/form>\n<\/div>\n[vc_column_text css=&#8221;.vc_custom_1643706490316{padding-top: 30px !important;}&#8221;]<\/p>\n<p style=\"text-align: center;\"><strong><span style=\"font-size: 18px;\">To book, please download, print, complete and return by e-mail:<\/span><\/strong><\/p>\n<p style=\"text-align: center;\"><span style=\"font-size: 18px;\"><a title=\"T\u00e9l\u00e9charger le contrat de location\" href=\"\/wp-content\/uploads\/2022\/01\/CONTRAT-2022-EN.pdf\"><img loading=\"lazy\" decoding=\"async\" class=\"alignnone wp-image-284 size-full\" src=\"\/wp-content\/uploads\/2015\/06\/pdf.jpg\" alt=\"pdf\" width=\"36\" height=\"35\" \/>the rental contract<\/a><\/span><\/p>\n<p style=\"text-align: center;\"><span style=\"font-size: 18px;\"><a title=\"T\u00e9l\u00e9charger le r\u00e8glement int\u00e9rieur\" href=\"\/wp-content\/uploads\/2015\/06\/REGLEMENT_INTERIEUR_GB.pdf\"><img loading=\"lazy\" decoding=\"async\" class=\"alignnone wp-image-284 size-full\" src=\"\/wp-content\/uploads\/2015\/06\/pdf.jpg\" alt=\"pdf\" width=\"36\" height=\"35\" \/>the rules of the campsite<\/a><\/span><\/p>\n<p>[\/vc_column_text][vc_column_text]<\/p>\n<p style=\"text-align: center;\"><span style=\"color: #ff0000;\">The deposit will be paid by bank transfer (please, contact us by e-mail for more informations)<\/span><\/p>\n<p>[\/vc_column_text][\/vc_column][\/vc_row]<\/p>\n<\/div>","protected":false},"excerpt":{"rendered":"<p>[vc_row css=&#8221;.vc_custom_1427791878257{margin-bottom: 0px !important;padding-top: 30px !important;padding-bottom: 30px !important;}&#8221;][vc_column][vc_column_text css=&#8221;.vc_custom_1643706490316{padding-top: 30px !important;}&#8221;] To book, please download, print, complete and return by e-mail: the rental contract the rules of the campsite [\/vc_column_text][vc_column_text] The deposit will be paid by bank transfer (please, contact us by e-mail for more informations) [\/vc_column_text][\/vc_column][\/vc_row]<\/p>\n","protected":false},"author":1,"featured_media":0,"parent":0,"menu_order":0,"comment_status":"closed","ping_status":"open","template":"","meta":{"footnotes":""},"class_list":["post-342","page","type-page","status-publish","hentry"],"aioseo_notices":[],"_links":{"self":[{"href":"https:\/\/www.camping-les-chataigniers.com\/en\/wp-json\/wp\/v2\/pages\/342","targetHints":{"allow":["GET"]}}],"collection":[{"href":"https:\/\/www.camping-les-chataigniers.com\/en\/wp-json\/wp\/v2\/pages"}],"about":[{"href":"https:\/\/www.camping-les-chataigniers.com\/en\/wp-json\/wp\/v2\/types\/page"}],"author":[{"embeddable":true,"href":"https:\/\/www.camping-les-chataigniers.com\/en\/wp-json\/wp\/v2\/users\/1"}],"replies":[{"embeddable":true,"href":"https:\/\/www.camping-les-chataigniers.com\/en\/wp-json\/wp\/v2\/comments?post=342"}],"version-history":[{"count":9,"href":"https:\/\/www.camping-les-chataigniers.com\/en\/wp-json\/wp\/v2\/pages\/342\/revisions"}],"predecessor-version":[{"id":1184,"href":"https:\/\/www.camping-les-chataigniers.com\/en\/wp-json\/wp\/v2\/pages\/342\/revisions\/1184"}],"wp:attachment":[{"href":"https:\/\/www.camping-les-chataigniers.com\/en\/wp-json\/wp\/v2\/media?parent=342"}],"curies":[{"name":"wp","href":"https:\/\/api.w.org\/{rel}","templated":true}]}}