{"id":337,"date":"2015-06-12T14:14:01","date_gmt":"2015-06-12T13:14:01","guid":{"rendered":"http:\/\/chataig.novae-developpement.com\/?page_id=337"},"modified":"2015-06-12T14:15:11","modified_gmt":"2015-06-12T13:15:11","slug":"legal-mentions","status":"publish","type":"page","link":"https:\/\/www.camping-les-chataigniers.com\/en\/legal-mentions\/","title":{"rendered":"Legal mentions"},"content":{"rendered":"<div class=\"wpb-content-wrapper\"><p>[vc_row full_width=&#8221;&#8221; parallax=&#8221;&#8221; parallax_image=&#8221;&#8221;][vc_column width=&#8221;1\/1&#8243;][vc_column_text]Camping Les Ch\u00e2taigniers<\/p>\n<p>M. et Mme CAZENAVE Andr\u00e9<\/p>\n<p>6 rue deth cap deth vilatge &#8211; 65400 Arcizans-Avant<\/p>\n<p>T\u00e8l : 05.62.97.94.77<\/p>\n<p>Email : contact@camping-les-chataigniers.com<\/p>\n<p>[\/vc_column_text][\/vc_column][\/vc_row]<\/p>\n<\/div>","protected":false},"excerpt":{"rendered":"<p>[vc_row full_width=&#8221;&#8221; parallax=&#8221;&#8221; parallax_image=&#8221;&#8221;][vc_column width=&#8221;1\/1&#8243;][vc_column_text]Camping Les Ch\u00e2taigniers M. et Mme CAZENAVE Andr\u00e9 6 rue deth cap deth vilatge &#8211; 65400 Arcizans-Avant T\u00e8l : 05.62.97.94.77 Email : contact@camping-les-chataigniers.com [\/vc_column_text][\/vc_column][\/vc_row]<\/p>\n","protected":false},"author":1,"featured_media":0,"parent":0,"menu_order":0,"comment_status":"closed","ping_status":"open","template":"","meta":{"footnotes":""},"class_list":["post-337","page","type-page","status-publish","hentry"],"aioseo_notices":[],"_links":{"self":[{"href":"https:\/\/www.camping-les-chataigniers.com\/en\/wp-json\/wp\/v2\/pages\/337","targetHints":{"allow":["GET"]}}],"collection":[{"href":"https:\/\/www.camping-les-chataigniers.com\/en\/wp-json\/wp\/v2\/pages"}],"about":[{"href":"https:\/\/www.camping-les-chataigniers.com\/en\/wp-json\/wp\/v2\/types\/page"}],"author":[{"embeddable":true,"href":"https:\/\/www.camping-les-chataigniers.com\/en\/wp-json\/wp\/v2\/users\/1"}],"replies":[{"embeddable":true,"href":"https:\/\/www.camping-les-chataigniers.com\/en\/wp-json\/wp\/v2\/comments?post=337"}],"version-history":[{"count":3,"href":"https:\/\/www.camping-les-chataigniers.com\/en\/wp-json\/wp\/v2\/pages\/337\/revisions"}],"predecessor-version":[{"id":340,"href":"https:\/\/www.camping-les-chataigniers.com\/en\/wp-json\/wp\/v2\/pages\/337\/revisions\/340"}],"wp:attachment":[{"href":"https:\/\/www.camping-les-chataigniers.com\/en\/wp-json\/wp\/v2\/media?parent=337"}],"curies":[{"name":"wp","href":"https:\/\/api.w.org\/{rel}","templated":true}]}}