{"id":335,"date":"2015-06-12T14:12:58","date_gmt":"2015-06-12T13:12:58","guid":{"rendered":"http:\/\/chataig.novae-developpement.com\/?page_id=335"},"modified":"2021-02-03T15:39:13","modified_gmt":"2021-02-03T14:39:13","slug":"location","status":"publish","type":"page","link":"https:\/\/www.camping-les-chataigniers.com\/en\/location\/","title":{"rendered":"Location"},"content":{"rendered":"<div class=\"wpb-content-wrapper\"><p>[vc_row css=&#8221;.vc_custom_1428394761043{margin-top: 0px !important;margin-right: 0px !important;margin-bottom: 0px !important;margin-left: 0px !important;padding-top: 30px !important;padding-right: 0px !important;padding-bottom: 30px !important;padding-left: 0px !important;}&#8221;][vc_column width=&#8221;1\/2&#8243;][vc_column_text]<\/p>\n<h2>To find us<\/h2>\n<p>Campsite Les Ch\u00e2taignies is located in a typical village in the Pyrenees Arcizans-avant, 2.5 km from Argeles-Gazost in the Hautes-Pyr\u00e9n\u00e9es (r\u00e9gion Midi-Pyrenees) close to the Pyrenees National Park.[\/vc_column_text][vc_row_inner][vc_column_inner width=&#8221;1\/2&#8243;][vc_single_image image=&#8221;181&#8243; img_size=&#8221;medium&#8221; alignment=&#8221;center&#8221;][\/vc_column_inner][vc_column_inner width=&#8221;1\/2&#8243;][vc_single_image image=&#8221;177&#8243; img_size=&#8221;medium&#8221; alignment=&#8221;center&#8221;][\/vc_column_inner][\/vc_row_inner][\/vc_column][vc_column width=&#8221;1\/2&#8243;][vc_column_text]<iframe loading=\"lazy\" style=\"border: 0;\" src=\"https:\/\/www.google.com\/maps\/embed?pb=!1m14!1m8!1m3!1d11674.709011224852!2d-0.1050612!3d42.9850719!3m2!1i1024!2i768!4f13.1!3m3!1m2!1s0x0%3A0x156ff5385249d8a7!2sCamping%20Les%20Ch%C3%A2taigniers*2A*2A*2A!5e0!3m2!1sfr!2sfr!4v1578394480283!5m2!1sfr!2sfr\" width=\"500\" height=\"500\" frameborder=\"0\" allowfullscreen=\"allowfullscreen\"><\/iframe>[\/vc_column_text][\/vc_column][\/vc_row]<\/p>\n<\/div>","protected":false},"excerpt":{"rendered":"<p>[vc_row css=&#8221;.vc_custom_1428394761043{margin-top: 0px !important;margin-right: 0px !important;margin-bottom: 0px !important;margin-left: 0px !important;padding-top: 30px !important;padding-right: 0px !important;padding-bottom: 30px !important;padding-left: 0px !important;}&#8221;][vc_column width=&#8221;1\/2&#8243;][vc_column_text] To find us Campsite Les Ch\u00e2taignies is located in a typical village in the Pyrenees Arcizans-avant, 2.5 km from Argeles-Gazost in the Hautes-Pyr\u00e9n\u00e9es (r\u00e9gion Midi-Pyrenees) close to the Pyrenees National Park.[\/vc_column_text][vc_row_inner][vc_column_inner width=&#8221;1\/2&#8243;][vc_single_image image=&#8221;181&#8243; img_size=&#8221;medium&#8221; alignment=&#8221;center&#8221;][\/vc_column_inner][vc_column_inner width=&#8221;1\/2&#8243;][vc_single_image\u2026<\/p>\n","protected":false},"author":1,"featured_media":0,"parent":0,"menu_order":0,"comment_status":"closed","ping_status":"open","template":"","meta":{"footnotes":""},"class_list":["post-335","page","type-page","status-publish","hentry"],"aioseo_notices":[],"_links":{"self":[{"href":"https:\/\/www.camping-les-chataigniers.com\/en\/wp-json\/wp\/v2\/pages\/335","targetHints":{"allow":["GET"]}}],"collection":[{"href":"https:\/\/www.camping-les-chataigniers.com\/en\/wp-json\/wp\/v2\/pages"}],"about":[{"href":"https:\/\/www.camping-les-chataigniers.com\/en\/wp-json\/wp\/v2\/types\/page"}],"author":[{"embeddable":true,"href":"https:\/\/www.camping-les-chataigniers.com\/en\/wp-json\/wp\/v2\/users\/1"}],"replies":[{"embeddable":true,"href":"https:\/\/www.camping-les-chataigniers.com\/en\/wp-json\/wp\/v2\/comments?post=335"}],"version-history":[{"count":5,"href":"https:\/\/www.camping-les-chataigniers.com\/en\/wp-json\/wp\/v2\/pages\/335\/revisions"}],"predecessor-version":[{"id":1121,"href":"https:\/\/www.camping-les-chataigniers.com\/en\/wp-json\/wp\/v2\/pages\/335\/revisions\/1121"}],"wp:attachment":[{"href":"https:\/\/www.camping-les-chataigniers.com\/en\/wp-json\/wp\/v2\/media?parent=335"}],"curies":[{"name":"wp","href":"https:\/\/api.w.org\/{rel}","templated":true}]}}