{"id":320,"date":"2015-06-12T13:54:49","date_gmt":"2015-06-12T12:54:49","guid":{"rendered":"http:\/\/chataig.novae-developpement.com\/?page_id=320"},"modified":"2021-01-19T10:23:52","modified_gmt":"2021-01-19T09:23:52","slug":"leisure-nature","status":"publish","type":"page","link":"https:\/\/www.camping-les-chataigniers.com\/en\/leisure-nature\/","title":{"rendered":"Leisure &#038; Nature"},"content":{"rendered":"<div class=\"wpb-content-wrapper\"><p>[vc_row css=&#8221;.vc_custom_1427901651079{margin-bottom: 0px !important;padding-top: 30px !important;padding-bottom: 30px !important;}&#8221;][vc_column][vc_column_text]<\/p>\n<h2>The Vall\u00e9e des Gaves (Mountain streams Valley) in the heart of the Pyr\u00e9n\u00e9es puts a very big range of activities at your disposal !<\/h2>\n<h3>Sports Activities<\/h3>\n<p style=\"text-align: justify;\"><strong>Water Sports:<\/strong> Rafting, hot-dog (canoe variation), hair-boat (kayak variation), hydro-speed, canyoning, fishing in the mountain streams or in the lakes of the Hautes-Pyr\u00e9n\u00e9es, swimming in mountain torrents and lakes.<\/p>\n<p><strong>Air Sports :<\/strong> Hang-gliding, paragliding.<\/p>\n<p style=\"text-align: justify;\"><strong>Sports on land:<\/strong> Cycle touring on the mythical passes of the Tour de France (Tourmalet, Soulor, Aubisque, Aspin, Hautacam, Ardiden, Cambasque\u2026). Mountain biking in the forest and mountain tracks of the Pyr\u00e9n\u00e9es.<\/p>\n<p style=\"text-align: justify;\">Walks : Hundreds of walks for all levels (family up to experienced hiker), from some of the famous ones the world over (cirque of Gavarnie, of Troumouse, Vignemale, Pic du Midi\u2026) to the most picturesque, lakes, dams, cascades to discover and admire!!! Passes and summits to climb!! And nature at each step intact and magnificent.<\/p>\n<p>[\/vc_column_text][vc_column_text]<\/p>\n<h3>Cultural Activities<\/h3>\n<p style=\"text-align: justify;\">Visits of medieval sites (churches, abbey church, castles) as well as typical mountainside Pyrenean villages.<\/p>\n<h3 style=\"text-align: justify;\">Recreation<\/h3>\n<p style=\"text-align: justify;\">Swimming pools, Water park, trout fishing course for children, acrobatic course in the trees, wildlife park, typical markets, show of birds of prey, multiple entertainment in Argel\u00e8s.<\/p>\n<h3 style=\"text-align: justify;\">Spa facilities<\/h3>\n<p style=\"text-align: justify;\">Argel\u00e8s-Gazost, Beaucens, Cauterets, Bar\u00e8ges.<\/p>\n<p style=\"text-align: center;\"><strong>All of them at approximately less than 15km from the campground !!<br \/>\nAnd always our wise advice to make your stay as pleasant as possible!<\/strong><\/p>\n<p>[\/vc_column_text][\/vc_column][\/vc_row][vc_row full_width=&#8221;stretch_row&#8221; css=&#8221;.vc_custom_1428494340164{padding-top: 30px !important;padding-bottom: 30px !important;background-color: #4a2212 !important;}&#8221;][vc_column][vc_column_text]<\/p>\n<h2>Photos<\/h2>\n<p>[\/vc_column_text][vc_masonry_media_grid style=&#8221;lazy&#8221; element_width=&#8221;3&#8243; gap=&#8221;10&#8243; arrows_design=&#8221;none&#8221; arrows_position=&#8221;inside&#8221; arrows_color=&#8221;blue&#8221; paging_design=&#8221;radio_dots&#8221; paging_color=&#8221;grey&#8221; loop=&#8221;&#8221; autoplay=&#8221;-1&#8243; grid_id=&#8221;vc_gid:1611048194474-f911821a-f410-9&#8243; include=&#8221;196,197,198,199,200,201,202,203,204,205,208&#8243;][\/vc_column][\/vc_row]<\/p>\n<\/div>","protected":false},"excerpt":{"rendered":"<p>[vc_row css=&#8221;.vc_custom_1427901651079{margin-bottom: 0px !important;padding-top: 30px !important;padding-bottom: 30px !important;}&#8221;][vc_column][vc_column_text] The Vall\u00e9e des Gaves (Mountain streams Valley) in the heart of the Pyr\u00e9n\u00e9es puts a very big range of activities at your disposal ! Sports Activities Water Sports: Rafting, hot-dog (canoe variation), hair-boat (kayak variation), hydro-speed, canyoning, fishing in the mountain streams or in the lakes of\u2026<\/p>\n","protected":false},"author":1,"featured_media":0,"parent":0,"menu_order":0,"comment_status":"closed","ping_status":"open","template":"","meta":{"footnotes":""},"class_list":["post-320","page","type-page","status-publish","hentry"],"aioseo_notices":[],"_links":{"self":[{"href":"https:\/\/www.camping-les-chataigniers.com\/en\/wp-json\/wp\/v2\/pages\/320","targetHints":{"allow":["GET"]}}],"collection":[{"href":"https:\/\/www.camping-les-chataigniers.com\/en\/wp-json\/wp\/v2\/pages"}],"about":[{"href":"https:\/\/www.camping-les-chataigniers.com\/en\/wp-json\/wp\/v2\/types\/page"}],"author":[{"embeddable":true,"href":"https:\/\/www.camping-les-chataigniers.com\/en\/wp-json\/wp\/v2\/users\/1"}],"replies":[{"embeddable":true,"href":"https:\/\/www.camping-les-chataigniers.com\/en\/wp-json\/wp\/v2\/comments?post=320"}],"version-history":[{"count":3,"href":"https:\/\/www.camping-les-chataigniers.com\/en\/wp-json\/wp\/v2\/pages\/320\/revisions"}],"predecessor-version":[{"id":1029,"href":"https:\/\/www.camping-les-chataigniers.com\/en\/wp-json\/wp\/v2\/pages\/320\/revisions\/1029"}],"wp:attachment":[{"href":"https:\/\/www.camping-les-chataigniers.com\/en\/wp-json\/wp\/v2\/media?parent=320"}],"curies":[{"name":"wp","href":"https:\/\/api.w.org\/{rel}","templated":true}]}}